{"id":77,"date":"2020-03-22T15:31:27","date_gmt":"2020-03-22T15:31:27","guid":{"rendered":"http:\/\/www.tvwabern.ch\/?page_id=77"},"modified":"2025-07-02T23:57:12","modified_gmt":"2025-07-02T21:57:12","slug":"skiriege","status":"publish","type":"page","link":"https:\/\/www.tvwabern.ch\/?page_id=77","title":{"rendered":"Skiriege"},"content":{"rendered":"\n<h2 class=\"wp-block-heading\"><strong>Holzh\u00fctte in Grindelwald \u2013 Einfach. Rustikal. Unvergesslich<\/strong>.<\/h2>\n\n\n\n<p>Willkommen in unserer urchigen Holzh\u00fctte in Grindelwald! Hier gibt\u2019s keine \u00fcberfl\u00fcssigen Schn\u00f6rkel, daf\u00fcr echten Charme, Natur pur und eine Prise Abenteuer. Perfekt f\u00fcr alle, die das Leben (und kaltes Quellwasser) in vollen Z\u00fcgen genie\u00dfen m\u00f6chten.<\/p>\n\n\n\n<h3 class=\"wp-block-heading\">2 separate Wohnungen mit folgender Ausstattung<\/h3>\n\n\n\n<ul class=\"wp-block-list\">\n<li><strong>Heizung durch Feuerofen<\/strong> \u2013 machen Sie Feuer wie ein Profi und genie\u00dfen Sie die knisternde Gem\u00fctlichkeit<\/li>\n\n\n\n<li><strong>Mehrbettzimmer<\/strong> \u2013 genug Platz f\u00fcr Familie, Freunde oder die ganze Wandertruppe<\/li>\n\n\n\n<li><strong>K\u00fcche<\/strong> \u2013 hier kochen Sie noch wie damals (aber mit Strom!)<\/li>\n\n\n\n<li><strong>Blumpsklo<\/strong> \u2013 ein Erlebnis, das Sie so schnell nicht vergessen werden<\/li>\n\n\n\n<li><strong>Kein Wasseranschluss<\/strong> &#8211; aber ein erfrischender Brunnen ganz in der N\u00e4he \u2013 Eimer inklusive!<\/li>\n\n\n\n<li><strong>Strom vorhanden<\/strong> \u2013 f\u00fcr Licht, Musik und ab und zu mal das Handy aufladen, wenn du es wirklich musst<\/li>\n\n\n\n<li><strong>Rustikale Bar im Keller<\/strong> \u2013 f\u00fcr abenteuerliche Gespr\u00e4che bei einem Glas (oder zwei)<\/li>\n<\/ul>\n\n\n\n<figure class=\"wp-block-gallery has-nested-images columns-3 is-cropped wp-block-gallery-1 is-layout-flex wp-block-gallery-is-layout-flex\">\n<figure class=\"wp-block-image size-large\"><img loading=\"lazy\" decoding=\"async\" width=\"1024\" height=\"485\" data-id=\"277\" src=\"https:\/\/www.tvwabern.ch\/wp-content\/uploads\/2020\/09\/01_Pano_Huette-1024x485.jpg\" alt=\"\" class=\"wp-image-277\" srcset=\"https:\/\/www.tvwabern.ch\/wp-content\/uploads\/2020\/09\/01_Pano_Huette-1024x485.jpg 1024w, https:\/\/www.tvwabern.ch\/wp-content\/uploads\/2020\/09\/01_Pano_Huette-300x142.jpg 300w, https:\/\/www.tvwabern.ch\/wp-content\/uploads\/2020\/09\/01_Pano_Huette-768x364.jpg 768w, https:\/\/www.tvwabern.ch\/wp-content\/uploads\/2020\/09\/01_Pano_Huette-1536x728.jpg 1536w, https:\/\/www.tvwabern.ch\/wp-content\/uploads\/2020\/09\/01_Pano_Huette-2048x971.jpg 2048w\" sizes=\"auto, (max-width: 1024px) 100vw, 1024px\" \/><\/figure>\n\n\n\n<figure class=\"wp-block-image size-large\"><img loading=\"lazy\" decoding=\"async\" width=\"300\" height=\"225\" data-id=\"278\" src=\"https:\/\/www.tvwabern.ch\/wp-content\/uploads\/2020\/09\/02_Haus-Wabern-300x225-1.jpg\" alt=\"\" class=\"wp-image-278\"\/><\/figure>\n\n\n\n<figure class=\"wp-block-image size-large\"><img loading=\"lazy\" decoding=\"async\" width=\"768\" height=\"1024\" data-id=\"893\" src=\"https:\/\/www.tvwabern.ch\/wp-content\/uploads\/2025\/01\/IMG_1517-768x1024.jpg\" alt=\"\" class=\"wp-image-893\" srcset=\"https:\/\/www.tvwabern.ch\/wp-content\/uploads\/2025\/01\/IMG_1517-768x1024.jpg 768w, https:\/\/www.tvwabern.ch\/wp-content\/uploads\/2025\/01\/IMG_1517-225x300.jpg 225w, https:\/\/www.tvwabern.ch\/wp-content\/uploads\/2025\/01\/IMG_1517-300x400.jpg 300w, https:\/\/www.tvwabern.ch\/wp-content\/uploads\/2025\/01\/IMG_1517-1152x1536.jpg 1152w, https:\/\/www.tvwabern.ch\/wp-content\/uploads\/2025\/01\/IMG_1517-1536x2048.jpg 1536w, https:\/\/www.tvwabern.ch\/wp-content\/uploads\/2025\/01\/IMG_1517-scaled.jpg 1920w\" sizes=\"auto, (max-width: 768px) 100vw, 768px\" \/><\/figure>\n\n\n\n<figure class=\"wp-block-image size-large\"><img loading=\"lazy\" decoding=\"async\" width=\"768\" height=\"1024\" data-id=\"888\" src=\"https:\/\/www.tvwabern.ch\/wp-content\/uploads\/2025\/01\/IMG_0026-768x1024.jpg\" alt=\"\" class=\"wp-image-888\" srcset=\"https:\/\/www.tvwabern.ch\/wp-content\/uploads\/2025\/01\/IMG_0026-768x1024.jpg 768w, https:\/\/www.tvwabern.ch\/wp-content\/uploads\/2025\/01\/IMG_0026-225x300.jpg 225w, https:\/\/www.tvwabern.ch\/wp-content\/uploads\/2025\/01\/IMG_0026-300x400.jpg 300w, https:\/\/www.tvwabern.ch\/wp-content\/uploads\/2025\/01\/IMG_0026-1152x1536.jpg 1152w, https:\/\/www.tvwabern.ch\/wp-content\/uploads\/2025\/01\/IMG_0026-1536x2048.jpg 1536w, https:\/\/www.tvwabern.ch\/wp-content\/uploads\/2025\/01\/IMG_0026-scaled.jpg 1920w\" sizes=\"auto, (max-width: 768px) 100vw, 768px\" \/><\/figure>\n\n\n\n<figure class=\"wp-block-image size-large\"><img loading=\"lazy\" decoding=\"async\" width=\"768\" height=\"1024\" data-id=\"890\" src=\"https:\/\/www.tvwabern.ch\/wp-content\/uploads\/2025\/01\/IMG_1508-768x1024.jpg\" alt=\"\" class=\"wp-image-890\" srcset=\"https:\/\/www.tvwabern.ch\/wp-content\/uploads\/2025\/01\/IMG_1508-768x1024.jpg 768w, https:\/\/www.tvwabern.ch\/wp-content\/uploads\/2025\/01\/IMG_1508-225x300.jpg 225w, https:\/\/www.tvwabern.ch\/wp-content\/uploads\/2025\/01\/IMG_1508-300x400.jpg 300w, https:\/\/www.tvwabern.ch\/wp-content\/uploads\/2025\/01\/IMG_1508-1152x1536.jpg 1152w, https:\/\/www.tvwabern.ch\/wp-content\/uploads\/2025\/01\/IMG_1508-1536x2048.jpg 1536w, https:\/\/www.tvwabern.ch\/wp-content\/uploads\/2025\/01\/IMG_1508-scaled.jpg 1920w\" sizes=\"auto, (max-width: 768px) 100vw, 768px\" \/><\/figure>\n\n\n\n<figure class=\"wp-block-image size-large\"><img loading=\"lazy\" decoding=\"async\" width=\"1024\" height=\"768\" data-id=\"449\" src=\"http:\/\/www.tvwabern.ch\/wp-content\/uploads\/2020\/10\/IMG_0696-1024x768.jpeg\" alt=\"\" class=\"wp-image-449\" srcset=\"https:\/\/www.tvwabern.ch\/wp-content\/uploads\/2020\/10\/IMG_0696-1024x768.jpeg 1024w, https:\/\/www.tvwabern.ch\/wp-content\/uploads\/2020\/10\/IMG_0696-300x225.jpeg 300w, https:\/\/www.tvwabern.ch\/wp-content\/uploads\/2020\/10\/IMG_0696-768x576.jpeg 768w, https:\/\/www.tvwabern.ch\/wp-content\/uploads\/2020\/10\/IMG_0696-1536x1152.jpeg 1536w, https:\/\/www.tvwabern.ch\/wp-content\/uploads\/2020\/10\/IMG_0696-2048x1536.jpeg 2048w\" sizes=\"auto, (max-width: 1024px) 100vw, 1024px\" \/><\/figure>\n<\/figure>\n\n\n\n<div style=\"height:24px\" aria-hidden=\"true\" class=\"wp-block-spacer\"><\/div>\n\n\n\n<figure class=\"wp-block-gallery has-nested-images columns-3 is-cropped wp-block-gallery-2 is-layout-flex wp-block-gallery-is-layout-flex\">\n<figure class=\"wp-block-image size-large\"><img loading=\"lazy\" decoding=\"async\" width=\"768\" height=\"1024\" data-id=\"889\" src=\"https:\/\/www.tvwabern.ch\/wp-content\/uploads\/2025\/01\/IMG_1504-768x1024.jpg\" alt=\"\" class=\"wp-image-889\" srcset=\"https:\/\/www.tvwabern.ch\/wp-content\/uploads\/2025\/01\/IMG_1504-768x1024.jpg 768w, https:\/\/www.tvwabern.ch\/wp-content\/uploads\/2025\/01\/IMG_1504-225x300.jpg 225w, https:\/\/www.tvwabern.ch\/wp-content\/uploads\/2025\/01\/IMG_1504-300x400.jpg 300w, https:\/\/www.tvwabern.ch\/wp-content\/uploads\/2025\/01\/IMG_1504-1152x1536.jpg 1152w, https:\/\/www.tvwabern.ch\/wp-content\/uploads\/2025\/01\/IMG_1504-1536x2048.jpg 1536w, https:\/\/www.tvwabern.ch\/wp-content\/uploads\/2025\/01\/IMG_1504-scaled.jpg 1920w\" sizes=\"auto, (max-width: 768px) 100vw, 768px\" \/><\/figure>\n\n\n\n<figure class=\"wp-block-image size-large\"><img loading=\"lazy\" decoding=\"async\" width=\"768\" height=\"1024\" data-id=\"896\" src=\"https:\/\/www.tvwabern.ch\/wp-content\/uploads\/2025\/01\/IMG_3730-768x1024.jpg\" alt=\"\" class=\"wp-image-896\" srcset=\"https:\/\/www.tvwabern.ch\/wp-content\/uploads\/2025\/01\/IMG_3730-768x1024.jpg 768w, https:\/\/www.tvwabern.ch\/wp-content\/uploads\/2025\/01\/IMG_3730-225x300.jpg 225w, https:\/\/www.tvwabern.ch\/wp-content\/uploads\/2025\/01\/IMG_3730-300x400.jpg 300w, https:\/\/www.tvwabern.ch\/wp-content\/uploads\/2025\/01\/IMG_3730-1152x1536.jpg 1152w, https:\/\/www.tvwabern.ch\/wp-content\/uploads\/2025\/01\/IMG_3730-1536x2048.jpg 1536w, https:\/\/www.tvwabern.ch\/wp-content\/uploads\/2025\/01\/IMG_3730-scaled.jpg 1920w\" sizes=\"auto, (max-width: 768px) 100vw, 768px\" \/><\/figure>\n\n\n\n<figure class=\"wp-block-image size-large\"><img loading=\"lazy\" decoding=\"async\" width=\"1024\" height=\"768\" data-id=\"905\" src=\"https:\/\/www.tvwabern.ch\/wp-content\/uploads\/2025\/01\/IMAG0015-1024x768.jpg\" alt=\"\" class=\"wp-image-905\" srcset=\"https:\/\/www.tvwabern.ch\/wp-content\/uploads\/2025\/01\/IMAG0015-1024x768.jpg 1024w, https:\/\/www.tvwabern.ch\/wp-content\/uploads\/2025\/01\/IMAG0015-300x225.jpg 300w, https:\/\/www.tvwabern.ch\/wp-content\/uploads\/2025\/01\/IMAG0015-768x576.jpg 768w, https:\/\/www.tvwabern.ch\/wp-content\/uploads\/2025\/01\/IMAG0015-1536x1152.jpg 1536w, https:\/\/www.tvwabern.ch\/wp-content\/uploads\/2025\/01\/IMAG0015.jpg 2048w\" sizes=\"auto, (max-width: 1024px) 100vw, 1024px\" \/><\/figure>\n<\/figure>\n\n\n\n<div style=\"height:24px\" aria-hidden=\"true\" class=\"wp-block-spacer\"><\/div>\n\n\n\n<h3 class=\"wp-block-heading\">Lage<\/h3>\n\n\n\n<p>Mitten in der Natur, mit einer Aussicht, die Postkarten neidisch macht! Und keine Sorge: Das <strong>Grindelwald Dorf<\/strong> ist gleich um die Ecke. Dort gibt\u2019s alles, was man braucht \u2013 von Einkaufsm\u00f6glichkeiten bis zu Restaurants, wenn das Feuerholz mal knapp wird.<\/p>\n\n\n\n<h3 class=\"wp-block-heading\">Parken<\/h3>\n\n\n\n<p>Parkpl\u00e4tze finden Sie am <strong><a href=\"https:\/\/maps.app.goo.gl\/JivWnkHS74muWirB7\">Bodmi Terrassenweg 104, 3818 Grindelwald<\/a><\/strong>. Von dort aus ein kurzer Spaziergang, der Ihre Wanderlust gleich weckt.<\/p>\n\n\n\n<div class=\"wp-block-buttons is-content-justification-center is-layout-flex wp-container-core-buttons-is-layout-1 wp-block-buttons-is-layout-flex\">\n<div class=\"wp-block-button\"><a class=\"wp-block-button__link wp-element-button\" href=\"https:\/\/www.tvwabern.ch\/?page_id=631\">Jetzt buchen<\/a><\/div>\n<\/div>\n","protected":false},"excerpt":{"rendered":"<p>Holzh\u00fctte in Grindelwald \u2013 Einfach. Rustikal. Unvergesslich. Willkommen in unserer urchigen Holzh\u00fctte in Grindelwald! Hier [&hellip;]<\/p>\n","protected":false},"author":10,"featured_media":277,"parent":0,"menu_order":0,"comment_status":"closed","ping_status":"closed","template":"","meta":{"footnotes":""},"class_list":["post-77","page","type-page","status-publish","has-post-thumbnail","hentry"],"_links":{"self":[{"href":"https:\/\/www.tvwabern.ch\/index.php?rest_route=\/wp\/v2\/pages\/77","targetHints":{"allow":["GET"]}}],"collection":[{"href":"https:\/\/www.tvwabern.ch\/index.php?rest_route=\/wp\/v2\/pages"}],"about":[{"href":"https:\/\/www.tvwabern.ch\/index.php?rest_route=\/wp\/v2\/types\/page"}],"author":[{"embeddable":true,"href":"https:\/\/www.tvwabern.ch\/index.php?rest_route=\/wp\/v2\/users\/10"}],"replies":[{"embeddable":true,"href":"https:\/\/www.tvwabern.ch\/index.php?rest_route=%2Fwp%2Fv2%2Fcomments&post=77"}],"version-history":[{"count":19,"href":"https:\/\/www.tvwabern.ch\/index.php?rest_route=\/wp\/v2\/pages\/77\/revisions"}],"predecessor-version":[{"id":914,"href":"https:\/\/www.tvwabern.ch\/index.php?rest_route=\/wp\/v2\/pages\/77\/revisions\/914"}],"wp:featuredmedia":[{"embeddable":true,"href":"https:\/\/www.tvwabern.ch\/index.php?rest_route=\/wp\/v2\/media\/277"}],"wp:attachment":[{"href":"https:\/\/www.tvwabern.ch\/index.php?rest_route=%2Fwp%2Fv2%2Fmedia&parent=77"}],"curies":[{"name":"wp","href":"https:\/\/api.w.org\/{rel}","templated":true}]}}