{"id":76,"date":"2020-03-22T15:31:27","date_gmt":"2020-03-22T15:31:27","guid":{"rendered":"http:\/\/www.tvwabern.ch\/?page_id=76"},"modified":"2025-07-02T23:57:12","modified_gmt":"2025-07-02T21:57:12","slug":"sport-im-alter","status":"publish","type":"page","link":"https:\/\/www.tvwabern.ch\/?page_id=76","title":{"rendered":"Aktiv im Alltag"},"content":{"rendered":"\n<p>Bei uns finden alle ein ideales Angebot f\u00fcr die sportliche Bet\u00e4tigung. Sowohl in der M\u00e4nnerriege wie auch in der Frauenriege sind die Turnstunden spassig und jeder kann in seinem Tempo mitmachen.<\/p>\n","protected":false},"excerpt":{"rendered":"<p>Bei uns finden alle ein ideales Angebot f\u00fcr die sportliche Bet\u00e4tigung. Sowohl in der M\u00e4nnerriege [&hellip;]<\/p>\n","protected":false},"author":1,"featured_media":0,"parent":0,"menu_order":0,"comment_status":"closed","ping_status":"closed","template":"","meta":{"footnotes":""},"class_list":["post-76","page","type-page","status-publish","hentry"],"_links":{"self":[{"href":"https:\/\/www.tvwabern.ch\/index.php?rest_route=\/wp\/v2\/pages\/76","targetHints":{"allow":["GET"]}}],"collection":[{"href":"https:\/\/www.tvwabern.ch\/index.php?rest_route=\/wp\/v2\/pages"}],"about":[{"href":"https:\/\/www.tvwabern.ch\/index.php?rest_route=\/wp\/v2\/types\/page"}],"author":[{"embeddable":true,"href":"https:\/\/www.tvwabern.ch\/index.php?rest_route=\/wp\/v2\/users\/1"}],"replies":[{"embeddable":true,"href":"https:\/\/www.tvwabern.ch\/index.php?rest_route=%2Fwp%2Fv2%2Fcomments&post=76"}],"version-history":[{"count":4,"href":"https:\/\/www.tvwabern.ch\/index.php?rest_route=\/wp\/v2\/pages\/76\/revisions"}],"predecessor-version":[{"id":479,"href":"https:\/\/www.tvwabern.ch\/index.php?rest_route=\/wp\/v2\/pages\/76\/revisions\/479"}],"wp:attachment":[{"href":"https:\/\/www.tvwabern.ch\/index.php?rest_route=%2Fwp%2Fv2%2Fmedia&parent=76"}],"curies":[{"name":"wp","href":"https:\/\/api.w.org\/{rel}","templated":true}]}}