{"id":753,"date":"2024-11-28T17:45:04","date_gmt":"2024-11-28T16:45:04","guid":{"rendered":"https:\/\/www.tvwabern.ch\/?page_id=753"},"modified":"2025-01-27T22:29:11","modified_gmt":"2025-01-27T21:29:11","slug":"huettenordnung","status":"publish","type":"page","link":"https:\/\/www.tvwabern.ch\/?page_id=753","title":{"rendered":"H\u00fcttenordnung"},"content":{"rendered":"\n<p>Im Interesse aller H\u00fcttenben\u00fctzer m\u00f6chten wir alle G\u00e4ste bitten, die nachstehend aufgef\u00fchrten Punkte strikte einzuhalten:<\/p>\n\n\n\n<ul class=\"wp-block-list\">\n<li>Es besteht grunds\u00e4tzlich ein&nbsp;<strong>Tierhalteverbot<\/strong>, d.h. es d\u00fcrfen keine Tiere in die H\u00fctte genommen werden.<\/li>\n\n\n\n<li><strong>Rauchverbot:<\/strong>&nbsp;in beiden Wohnungen (Wohnzimmer, K\u00fcchen und Schlafr\u00e4ume inklusive Vorr\u00e4ume sowie \u201eDurstst\u00fcbli\u201c) darf nicht geraucht werden.<\/li>\n<\/ul>\n\n\n\n<ul class=\"wp-block-list\">\n<li><strong>R\u00fccksichtnahme<\/strong>&nbsp;in jeder Beziehung&nbsp;<strong>gegen\u00fcber den Anwohnern<\/strong> &#8211; seit Bestehen der Ferienh\u00e4user westlich der H\u00fctte besonders wichtig! Bitte&nbsp;<strong>vermeidet<\/strong>&nbsp;<strong>L\u00e4rm&nbsp;<\/strong>ausserhalb der H\u00fctte nachts\u00fcber.<\/li>\n\n\n\n<li><strong>Besch\u00e4digtes Inventar<\/strong>&nbsp;ist nach M\u00f6glichkeit sofort zu reparieren, zu ersetzen oder die Scheichin oder den Vize-Scheich zu informieren.<\/li>\n\n\n\n<li>Es ist&nbsp;<strong>untersagt<\/strong>, jegliche Art von elektrischen Heizger\u00e4ten zu ben\u00fctzen.&nbsp;<strong>Ausnahme<\/strong>&nbsp;sind die fest montierten Strahler in der K\u00fcche der Wohnung 1.<\/li>\n\n\n\n<li><strong><u>Rauchmelder<\/u>:&nbsp;<\/strong>In beiden Wohnungen sind in K\u00fcche, Stube und Schlafraum funkvernetzte Rauchmelder montiert. Bei einem Alarm sind deshalb unverz\u00fcglich alle obgenannten R\u00e4ume auf Feuer zu pr\u00fcfen. Wenn ein Falschalarm durch Staub, Insekten oder Kochd\u00fcnste ausgel\u00f6st wird (ausl\u00f6sender Alarm blinkt schnell),&nbsp;<strong>Stummschaltknopf unten am Melder dr\u00fccken<\/strong>. Melder bleibt 10 Minuten stumm geschaltet und aktiviert sich wieder selbst.<br><strong>Wichtig<\/strong>: <strong>Verbindungst\u00fcren<\/strong> beim Treppenaufgang d\u00fcrfen deshalb <strong>nicht verschlossen<\/strong> werden!<\/li>\n\n\n\n<li>Bitte beim Verlassen der H\u00fctte Wohnungst\u00fcren immer abschliessen. Dies gilt vor allem, wenn beide Wohnungen besetzt sind.<\/li>\n\n\n\n<li><strong>Keine verderblichen Esswaren<\/strong>&nbsp;in der H\u00fctte zur\u00fccklassen. Dies gilt auch f\u00fcr angefangene Packungen. Auch wenn dies noch so gut gemeint ist, werden diese dann vielfach doch nicht mehr konsumiert &#8211;&nbsp;<strong>zieht M\u00e4use an!<\/strong><\/li>\n\n\n\n<li>Das Mobiliar, vor allem die Betten, d\u00fcrfen nicht in andere R\u00e4ume verstellt werden.<\/li>\n\n\n\n<li>Die Ochsnerk\u00fcbel im Schopf sind nur f\u00fcr Asche zu verwenden. Die&nbsp;<strong>normalen Abf\u00e4lle<\/strong>&nbsp;sind in den Abfalls\u00e4cken der Gemeine Grindelwald zu entsorgen. Container sind am Terrassenweg im speziellen &#8220;Abfallh\u00e4uschen&#8221; beim Parkplatz vorhanden.<br>Bitte die Sackgeb\u00fchr, im Moment Fr. 2.00 pro Sack, in die in beiden K\u00fcchen vorhandenen Geb\u00fchrenk\u00e4sseli werfen. Besten Dank. Wenn notwendig, bitte jeweils neue Abfallsackrolle mit Geld aus Geb\u00fchrenk\u00e4sseli im Dorf kaufen.<\/li>\n\n\n\n<li>Bei&nbsp;<strong>Sturmwind<\/strong>&nbsp;(vor allem F\u00f6hnsturm) ist jedes Feuer machen untersagt &#8211; keine Glut im Ofen belassen.<\/li>\n\n\n\n<li>Die&nbsp;<strong>\u201eBalkone\u201c<\/strong>&nbsp;vor den Schlafr\u00e4umen d\u00fcrfen&nbsp;<strong>nur im Notfall<\/strong>&nbsp;betreten werden. Die dort angebrachten&nbsp;<strong>Rettungsseile<\/strong> sind keine Spielzeuge, sie sind nur f\u00fcr den&nbsp;<strong>Notfall<\/strong>&nbsp;gedacht.<\/li>\n<\/ul>\n\n\n\n<ul class=\"wp-block-list\">\n<li><strong>An alle Autofahrer:<\/strong>&nbsp;Bitte parkiert die Autos auf \u00f6ffentlichen Parkpl\u00e4tzen und nicht auf dem Parkplatz der Familie Garbani. Str\u00e4sschen und Parkplatz sind Privatbesitz &#8211;&nbsp;<strong>also nicht vom Terrassenweg zur H\u00fctte fahren!<\/strong>&nbsp;F\u00fcr schwere Lasten ist im Schopf ein Leiterwagen vorhanden.<\/li>\n<\/ul>\n\n\n\n<ul class=\"wp-block-list\">\n<li><strong>Briefkasten:<\/strong>&nbsp;&nbsp;Dieser befindet sich am &#8220;Schopf&#8221; der Familie Garbani, direkt am Weg zur H\u00fctte, gleich unterhalb des Parkplatzes der Familie Garbani.<\/li>\n<\/ul>\n\n\n\n<ul class=\"wp-block-list\">\n<li>Zwecks\u00a0<strong>Abrechnung f\u00fcr die Kur- und Beherbergungstaxen<\/strong>\u00a0mit Grindelwald Tourismus haben alle H\u00fcttenben\u00fctzer die beim Aufgang zu den Schlafr\u00e4umen vorhandenen\u00a0<strong>Meldescheine<\/strong>\u00a0auszuf\u00fcllen.<br>Das <strong>weisse Original<\/strong> ist so rasch wie m\u00f6glich in den daf\u00fcr vorgesehenen\u00a0<strong>gr\u00fcnen Briefkasten &#8220;Ferienwohnungen&#8221;<\/strong>\u00a0einzuwerfen, der sich [ <a href=\"https:\/\/maps.app.goo.gl\/SYmuU2WP42dYShbAA\">hier<\/a> ] an der Geb\u00e4udefront der Polizeiwache Grindelwald befindet (Ecke Hinteresg\u00e4ssli-Grossenhausweg).<br>Die <strong>rote Kopie<\/strong> bitte in das daf\u00fcr angeschriebene <strong>Fach<\/strong> bei den Meldescheinen <strong>im Treppenaufgang<\/strong> legen. Aufgrund dieser roten Kopien werden jeweils die Kur- und Beherbergungstaxen mit Grindelwald Tourismus abgerechnet.<br>Mit dem letzten Teil des Meldescheines, der <strong>G\u00e4stekarte<\/strong>, sind verschiedene Verg\u00fcnstigungen verbunden, so z.B. im Winter Gratisben\u00fctzung des Skibusses, usw.<\/li>\n<\/ul>\n\n\n\n<ul style=\"font-style:normal;font-weight:700\" class=\"wp-block-list\">\n<li><strong>Die H\u00fctte ist in sauber gereinigtem Zustand zu hinterlassen. Benutzte Kochger\u00e4te und Geschirr sind sauber zu reinigen. Die Wasserkessel sind zu leeren, zu reinigen und mit der \u00d6ffnung nach unten zu deponieren.<\/strong><\/li>\n<\/ul>\n\n\n\n<ul style=\"font-style:normal;font-weight:700\" class=\"wp-block-list\">\n<li><strong>Eine Schlusskontrolle durch den jeweiligen Verantwortlichen der G\u00e4stegruppe ist unerl\u00e4sslich.<\/strong><\/li>\n<\/ul>\n\n\n\n<p><\/p>\n","protected":false},"excerpt":{"rendered":"<p>Im Interesse aller H\u00fcttenben\u00fctzer m\u00f6chten wir alle G\u00e4ste bitten, die nachstehend aufgef\u00fchrten Punkte strikte einzuhalten:<\/p>\n","protected":false},"author":10,"featured_media":0,"parent":77,"menu_order":3,"comment_status":"closed","ping_status":"closed","template":"","meta":{"footnotes":""},"class_list":["post-753","page","type-page","status-publish","hentry"],"_links":{"self":[{"href":"https:\/\/www.tvwabern.ch\/index.php?rest_route=\/wp\/v2\/pages\/753","targetHints":{"allow":["GET"]}}],"collection":[{"href":"https:\/\/www.tvwabern.ch\/index.php?rest_route=\/wp\/v2\/pages"}],"about":[{"href":"https:\/\/www.tvwabern.ch\/index.php?rest_route=\/wp\/v2\/types\/page"}],"author":[{"embeddable":true,"href":"https:\/\/www.tvwabern.ch\/index.php?rest_route=\/wp\/v2\/users\/10"}],"replies":[{"embeddable":true,"href":"https:\/\/www.tvwabern.ch\/index.php?rest_route=%2Fwp%2Fv2%2Fcomments&post=753"}],"version-history":[{"count":11,"href":"https:\/\/www.tvwabern.ch\/index.php?rest_route=\/wp\/v2\/pages\/753\/revisions"}],"predecessor-version":[{"id":958,"href":"https:\/\/www.tvwabern.ch\/index.php?rest_route=\/wp\/v2\/pages\/753\/revisions\/958"}],"up":[{"embeddable":true,"href":"https:\/\/www.tvwabern.ch\/index.php?rest_route=\/wp\/v2\/pages\/77"}],"wp:attachment":[{"href":"https:\/\/www.tvwabern.ch\/index.php?rest_route=%2Fwp%2Fv2%2Fmedia&parent=753"}],"curies":[{"name":"wp","href":"https:\/\/api.w.org\/{rel}","templated":true}]}}