{"id":587,"date":"2022-10-03T13:41:58","date_gmt":"2022-10-03T13:41:58","guid":{"rendered":"https:\/\/www.tvwabern.ch\/?page_id=587"},"modified":"2025-02-21T19:03:25","modified_gmt":"2025-02-21T18:03:25","slug":"wohnung-verlassen","status":"publish","type":"page","link":"https:\/\/www.tvwabern.ch\/?page_id=587","title":{"rendered":"Wohnung verlassen"},"content":{"rendered":"\n<h4 class=\"wp-block-heading\">Bitte f\u00fchrt die folgenden Arbeiten gewissenhaft aus &#8211; Euer Nachmieter wird dankbar sein!<\/h4>\n\n\n\n<h3 class=\"wp-block-heading\">Ganze Wohnung<\/h3>\n\n\n\n<ul class=\"wp-block-list\">\n<li>Alle R\u00e4ume mit Staubsauger reinigen<\/li>\n<\/ul>\n\n\n\n<div style=\"height:12px\" aria-hidden=\"true\" class=\"wp-block-spacer\"><\/div>\n\n\n\n<h3 class=\"wp-block-heading\">\u00d6fen und Holz<\/h3>\n\n\n\n<ul class=\"wp-block-list\">\n<li>Ofen und Ofent\u00fcrglas reinigen<\/li>\n\n\n\n<li>Asche in den Ochsnerk\u00fcbel im Schopf leeren<\/li>\n\n\n\n<li>Angebrannte Holzteile (ohne Glut!) im Kehricht entsorgen<\/li>\n\n\n\n<li>Holz auff\u00fcllen<\/li>\n<\/ul>\n\n\n\n<div style=\"height:12px\" aria-hidden=\"true\" class=\"wp-block-spacer\"><\/div>\n\n\n\n<h3 class=\"wp-block-heading\">K\u00fcche<\/h3>\n\n\n\n<ul class=\"wp-block-list\">\n<li>Herd und Backofen reinigen<\/li>\n\n\n\n<li>Abwaschtrog reinigen<\/li>\n\n\n\n<li>Wasserkocher und Pfannen entkalken<\/li>\n\n\n\n<li>W\u00e4rmekr\u00fcge leeren, entkalken und reinigen<\/li>\n\n\n\n<li>K\u00fcchenboden feucht aufnehmen<\/li>\n\n\n\n<li>Wasserkessel (auch den \u00fcber dem Abwaschtrog) leeren und trocken reiben<\/li>\n\n\n\n<li>Nur im Winter: 2 dl Frostschutz in den Abwaschtrog-Ablauf leeren<\/li>\n<\/ul>\n\n\n\n<div style=\"height:12px\" aria-hidden=\"true\" class=\"wp-block-spacer\"><\/div>\n\n\n\n<h3 class=\"wp-block-heading\">K\u00fchlschrank<\/h3>\n\n\n\n<ul class=\"wp-block-list\">\n<li>K\u00fchlschrank leeren und reinigen<\/li>\n\n\n\n<li>K\u00fchlschrank Schalter auf &#8220;0&#8221; stellen &#8211; T\u00fcre offen lassen<\/li>\n\n\n\n<li>Verderbliche und abgelaufene Esswaren mitnehmen<\/li>\n<\/ul>\n\n\n\n<div style=\"height:12px\" aria-hidden=\"true\" class=\"wp-block-spacer\"><\/div>\n\n\n\n<h3 class=\"wp-block-heading\">Schmutzw\u00e4sche &amp; Entsorgung<\/h3>\n\n\n\n<ul class=\"wp-block-list\">\n<li>K\u00fcchent\u00fccher zum Waschen nach Hause nehmen und dann zur\u00fcck an die H\u00fcttenwarte Pascal R\u00f6theli oder Kai Gilgen bringen (Kontakt siehe <a href=\"#Huettenwart\">unten<\/a>)<\/li>\n\n\n\n<li>Kehrichtsack auswechseln und Sackgeb\u00fchr in K\u00e4sseli legen. Voller Kehrichtsack entsorgen (es ist jeglicher Kehricht mitzunehmen!)<\/li>\n<\/ul>\n\n\n\n<div style=\"height:12px\" aria-hidden=\"true\" class=\"wp-block-spacer\"><\/div>\n\n\n\n<h4 class=\"wp-block-heading has-luminous-vivid-amber-background-color has-background\">BITTE BEACHTEN:<br>&#8211; Immer nur <mark style=\"background-color:rgba(0, 0, 0, 0)\" class=\"has-inline-color has-vivid-red-color\">ein Meldeschein<\/mark> pro H\u00fcttentaxen-<mark style=\"background-color:rgba(0, 0, 0, 0)\" class=\"has-inline-color has-vivid-red-color\">Bezahlung<\/mark><br>&#8211; immer nur <mark style=\"background-color:rgba(0, 0, 0, 0)\" class=\"has-inline-color has-vivid-red-color\">eine<\/mark> H\u00fcttentaxen-<mark style=\"background-color:rgba(0, 0, 0, 0)\" class=\"has-inline-color has-vivid-red-color\">Bezahlung<\/mark> pro <mark style=\"background-color:rgba(0, 0, 0, 0)\" class=\"has-inline-color has-vivid-red-color\">Meldeschein<\/mark><\/h4>\n\n\n\n<h3 class=\"wp-block-heading\">Meldeschein<\/h3>\n\n\n\n<ul class=\"wp-block-list\">\n<li>Meldeschein ausf\u00fcllen<\/li>\n\n\n\n<li>Angaben auf dem Meldeschein m\u00fcssen mit der zu bezahlenden H\u00fcttettaxe \u00fcbereinstimmen<\/li>\n\n\n\n<li>Meldeschein-Original (weiss) in gr\u00fcnen Briefkasten &#8220;Ferienwohnungen&#8221; einwerfen, der sich [ <a href=\"https:\/\/maps.app.goo.gl\/SYmuU2WP42dYShbAA\">hier<\/a> ] an der Geb\u00e4udefront der Polizeiwache Grindelwald befindet (Ecke Hinteresg\u00e4ssli-Grossenhausweg)<\/li>\n<\/ul>\n\n\n\n<div style=\"height:12px\" aria-hidden=\"true\" class=\"wp-block-spacer\"><\/div>\n\n\n\n<h3 class=\"wp-block-heading\">H\u00fcttentaxen bezahlen<\/h3>\n\n\n\n<ul class=\"wp-block-list\">\n<li>Entsprechende H\u00fcttentaxe bezahlen (Bezahlm\u00f6glichkeiten siehe [ <a href=\"https:\/\/www.tvwabern.ch\/?page_id=755\">hier<\/a> ])<\/li>\n\n\n\n<li>Die zu bezahlende H\u00fcttettaxe muss mit den Angaben auf dem Meldeschein \u00fcbereinstimmen<\/li>\n<\/ul>\n\n\n\n<div style=\"height:12px\" aria-hidden=\"true\" class=\"wp-block-spacer\"><\/div>\n\n\n\n<h4 class=\"wp-block-heading has-luminous-vivid-amber-background-color has-background\">BITTE BEACHTEN:<br>F\u00fcr eine effiziente Buchhaltung brauchen wir die genaue Wohnungsbelegung &#8211; VIELEN DANK f\u00fcr Eure zeitnahe R\u00fcckmeldung [ <a href=\"https:\/\/www.tvwabern.ch\/?page_id=1213\">hier<\/a> ] !<\/h4>\n\n\n\n<h3 class=\"wp-block-heading\">Wohnungsbelegung und R\u00fcckmeldung<\/h3>\n\n\n\n<ul class=\"wp-block-list\">\n<li><mark style=\"background-color:rgba(0, 0, 0, 0)\" class=\"has-inline-color has-vivid-red-color\">Alle G\u00e4ste im Formular Wohnungsbelegung [ <a href=\"https:\/\/www.tvwabern.ch\/?page_id=1213\">hier<\/a> ] erfassen<\/mark><\/li>\n\n\n\n<li><mark style=\"background-color:rgba(0, 0, 0, 0)\" class=\"has-inline-color has-cyan-bluish-gray-color\">H\u00fcttentaxe berechnen lassen f\u00fcr \u00dcbertrag in H\u00fcttentaxen-Bezahlung (UNDER CONSTRUCTION)<\/mark><\/li>\n\n\n\n<li>Optional R\u00fcckmeldung (inkl. Bilder-Upload) im Formular eintragen f\u00fcr eine rasche Mitteilung an das Leitungs-Team<\/li>\n\n\n\n<li>&#8230;und <mark style=\"background-color:rgba(0, 0, 0, 0)\" class=\"has-inline-color has-vivid-red-color\">Formular absenden<\/mark><\/li>\n<\/ul>\n\n\n\n<div style=\"height:12px\" aria-hidden=\"true\" class=\"wp-block-spacer\"><\/div>\n\n\n\n<h3 class=\"wp-block-heading\">Direkt vor Abreise<\/h3>\n\n\n\n<ul class=\"wp-block-list\">\n<li>Fenster und Fensterladen schliessen<\/li>\n\n\n\n<li>Kellert\u00fcre abschliessen<\/li>\n\n\n\n<li>Vorh\u00e4ngeschloss an WC-T\u00fcre (nur Wohnung 2) anbringen<\/li>\n\n\n\n<li>T\u00fcren zum oberen Stock nicht abschliessen (sonst ist Kontrolle von Rauchmeldern nach Alarm nicht m\u00f6glich)<\/li>\n\n\n\n<li>Sicherungen der bewohnten R\u00e4ume ausdrehen<\/li>\n\n\n\n<li>Wohnungst\u00fcr und Schopf abschliessen<\/li>\n<\/ul>\n\n\n\n<div style=\"height:12px\" aria-hidden=\"true\" class=\"wp-block-spacer\"><\/div>\n\n\n\n<div class=\"wp-block-columns is-layout-flex wp-container-core-columns-is-layout-1 wp-block-columns-is-layout-flex\">\n<div class=\"wp-block-column is-layout-flow wp-block-column-is-layout-flow\">\n<h3 class=\"wp-block-heading\" id=\"Huettenwart\">H\u00fcttenwart<\/h3>\n\n\n\n<p>Pascal R\u00f6theli<br>Bernstrasse 288<br>3627 Heimberg<br>M: 076 571 94 11<br>E: <a href=\"mailto:roetheli1001@hotmail.com\" target=\"_blank\" rel=\"noreferrer noopener\">roetheli1001@hotmail.com<\/a><\/p>\n<\/div>\n\n\n\n<div class=\"wp-block-column is-layout-flow wp-block-column-is-layout-flow\">\n<h3 class=\"wp-block-heading\" id=\"Huettenwart-Stv\">H\u00fcttenwart (Stv.)<\/h3>\n\n\n\n<p>Kai Gilgen<br>Frutigenstrasse 24<br>3600 Thun<br>M: 078 908 95 31<br>E: <a href=\"mailto:gilgenkai95@gmail.com\" target=\"_blank\" rel=\"noreferrer noopener\">gilgenkai95@gmail.com<\/a><\/p>\n<\/div>\n<\/div>\n","protected":false},"excerpt":{"rendered":"<p>Bitte f\u00fchrt die folgenden Arbeiten gewissenhaft aus &#8211; Euer Nachmieter wird dankbar sein! Ganze Wohnung [&hellip;]<\/p>\n","protected":false},"author":10,"featured_media":0,"parent":77,"menu_order":7,"comment_status":"closed","ping_status":"closed","template":"","meta":{"footnotes":""},"class_list":["post-587","page","type-page","status-publish","hentry"],"_links":{"self":[{"href":"https:\/\/www.tvwabern.ch\/index.php?rest_route=\/wp\/v2\/pages\/587","targetHints":{"allow":["GET"]}}],"collection":[{"href":"https:\/\/www.tvwabern.ch\/index.php?rest_route=\/wp\/v2\/pages"}],"about":[{"href":"https:\/\/www.tvwabern.ch\/index.php?rest_route=\/wp\/v2\/types\/page"}],"author":[{"embeddable":true,"href":"https:\/\/www.tvwabern.ch\/index.php?rest_route=\/wp\/v2\/users\/10"}],"replies":[{"embeddable":true,"href":"https:\/\/www.tvwabern.ch\/index.php?rest_route=%2Fwp%2Fv2%2Fcomments&post=587"}],"version-history":[{"count":28,"href":"https:\/\/www.tvwabern.ch\/index.php?rest_route=\/wp\/v2\/pages\/587\/revisions"}],"predecessor-version":[{"id":1275,"href":"https:\/\/www.tvwabern.ch\/index.php?rest_route=\/wp\/v2\/pages\/587\/revisions\/1275"}],"up":[{"embeddable":true,"href":"https:\/\/www.tvwabern.ch\/index.php?rest_route=\/wp\/v2\/pages\/77"}],"wp:attachment":[{"href":"https:\/\/www.tvwabern.ch\/index.php?rest_route=%2Fwp%2Fv2%2Fmedia&parent=587"}],"curies":[{"name":"wp","href":"https:\/\/api.w.org\/{rel}","templated":true}]}}