{"id":585,"date":"2022-10-03T13:40:54","date_gmt":"2022-10-03T13:40:54","guid":{"rendered":"https:\/\/www.tvwabern.ch\/?page_id=585"},"modified":"2025-02-21T18:51:32","modified_gmt":"2025-02-21T17:51:32","slug":"wohnung-beziehen","status":"publish","type":"page","link":"https:\/\/www.tvwabern.ch\/?page_id=585","title":{"rendered":"Wohnung beziehen"},"content":{"rendered":"\n<h4 class=\"wp-block-heading\">F\u00fcr einen entspannten Start in den H\u00fctten-Aufenthalt empfiehlt es sich, die folgenden Arbeiten auszuf\u00fchren.<\/h4>\n\n\n\n<h3 class=\"wp-block-heading\">Direkt nach Ankunft<\/h3>\n\n\n\n<ul class=\"wp-block-list\">\n<li>Wohnungst\u00fcr und Schopf aufschliessen<\/li>\n\n\n\n<li>Sicherungen der bewohnten R\u00e4ume eindrehen<\/li>\n\n\n\n<li>Fenster und Fensterladen \u00f6ffnen<\/li>\n\n\n\n<li>Vorh\u00e4ngeschloss an WC-T\u00fcre (nur Wohnung 2) entfernen<\/li>\n<\/ul>\n\n\n\n<div style=\"height:12px\" aria-hidden=\"true\" class=\"wp-block-spacer\"><\/div>\n\n\n\n<h3 class=\"wp-block-heading\">\u00d6fen<\/h3>\n\n\n\n<ul class=\"wp-block-list\">\n<li>Ofen anfeuern &#8211; bitte Instruktionen bei Ofen beachten<\/li>\n\n\n\n<li>Holz auff\u00fcllen, falls n\u00f6tig<\/li>\n<\/ul>\n\n\n\n<div style=\"height:12px\" aria-hidden=\"true\" class=\"wp-block-spacer\"><\/div>\n\n\n\n<h3 class=\"wp-block-heading\">K\u00fchlschrank<\/h3>\n\n\n\n<ul class=\"wp-block-list\">\n<li>K\u00fchlschrank am Strom anschliessen<\/li>\n\n\n\n<li>Verderbliche Esswaren in K\u00fchlschrank stellen<\/li>\n\n\n\n<li>K\u00fchlschrank Schalter auf &#8220;4&#8221; stellen &#8211; T\u00fcre schliessen<\/li>\n<\/ul>\n\n\n\n<div style=\"height:12px\" aria-hidden=\"true\" class=\"wp-block-spacer\"><\/div>\n\n\n\n<h3 class=\"wp-block-heading\">K\u00fcche<\/h3>\n\n\n\n<ul class=\"wp-block-list\">\n<li>Wasserkessel bei Brunnen mit Wasser f\u00fcllen<\/li>\n\n\n\n<li>Kehrichtsack in Abfalleimer einsetzen<\/li>\n\n\n\n<li>K\u00fcchent\u00fccher aus K\u00fcchenschrank nehmen und aufh\u00e4ngen<\/li>\n<\/ul>\n\n\n\n<div style=\"height:12px\" aria-hidden=\"true\" class=\"wp-block-spacer\"><\/div>\n\n\n\n<h3 class=\"wp-block-heading\">Meldeschein provisorisch ausf\u00fcllen <\/h3>\n\n\n\n<ul class=\"wp-block-list\">\n<li>Meldeschein provisorisch ausf\u00fcllen (am besten mit Bleistift):\n<ul class=\"wp-block-list\">\n<li>Name<\/li>\n\n\n\n<li>Ankunft- und Abreisedatum<\/li>\n\n\n\n<li>Anzahl G\u00e4ste (Erwachsene, Kinder 12-15, Kinder 1-11)<\/li>\n<\/ul>\n<\/li>\n<\/ul>\n\n\n\n<h4 class=\"wp-block-heading has-luminous-vivid-amber-background-color has-background\">BITTE BEACHTEN &#8211; <mark style=\"background-color:rgba(0, 0, 0, 0)\" class=\"has-inline-color has-vivid-red-color\">Infos<\/mark> [ <a href=\"https:\/\/www.registration-jungfrauregion.swiss\/de\/home\/label:2-grindelwald\" target=\"_blank\" rel=\"noreferrer noopener\">hier<\/a> ]<br>Mit der <mark style=\"background-color:rgba(0, 0, 0, 0)\" class=\"has-inline-color has-vivid-red-color\">G\u00e4stekarte<\/mark> (hinterster Teil des Meldescheins) sind <mark style=\"background-color:rgba(0, 0, 0, 0)\" class=\"has-inline-color has-vivid-red-color\">Verg\u00fcnstigungen<\/mark> verbunden, z.B Skibus im Winter, Hallenbad, usw.<\/h4>\n\n\n\n<div style=\"height:12px\" aria-hidden=\"true\" class=\"wp-block-spacer\"><\/div>\n\n\n\n<div class=\"wp-block-columns is-layout-flex wp-container-core-columns-is-layout-1 wp-block-columns-is-layout-flex\">\n<div class=\"wp-block-column is-layout-flow wp-block-column-is-layout-flow\">\n<h3 class=\"wp-block-heading\" id=\"Huettenwart\">H\u00fcttenwart<\/h3>\n\n\n\n<p>Pascal R\u00f6theli<br>Bernstrasse 288<br>3627 Heimberg<br>M: 076 571 94 11<br>E: <a href=\"mailto:roetheli1001@hotmail.com\" target=\"_blank\" rel=\"noreferrer noopener\">roetheli1001@hotmail.com<\/a><\/p>\n<\/div>\n\n\n\n<div class=\"wp-block-column is-layout-flow wp-block-column-is-layout-flow\">\n<h3 class=\"wp-block-heading\" id=\"Huettenwart-Stv\">H\u00fcttenwart (Stv.)<\/h3>\n\n\n\n<p>Kai Gilgen<br>Frutigenstrasse 24<br>3600 Thun<br>M: 078 908 95 31<br>E: <a href=\"mailto:gilgenkai95@gmail.com\" target=\"_blank\" rel=\"noreferrer noopener\">gilgenkai95@gmail.com<\/a><\/p>\n<\/div>\n<\/div>\n","protected":false},"excerpt":{"rendered":"<p>F\u00fcr einen entspannten Start in den H\u00fctten-Aufenthalt empfiehlt es sich, die folgenden Arbeiten auszuf\u00fchren. Direkt [&hellip;]<\/p>\n","protected":false},"author":10,"featured_media":0,"parent":77,"menu_order":6,"comment_status":"closed","ping_status":"closed","template":"","meta":{"footnotes":""},"class_list":["post-585","page","type-page","status-publish","hentry"],"_links":{"self":[{"href":"https:\/\/www.tvwabern.ch\/index.php?rest_route=\/wp\/v2\/pages\/585","targetHints":{"allow":["GET"]}}],"collection":[{"href":"https:\/\/www.tvwabern.ch\/index.php?rest_route=\/wp\/v2\/pages"}],"about":[{"href":"https:\/\/www.tvwabern.ch\/index.php?rest_route=\/wp\/v2\/types\/page"}],"author":[{"embeddable":true,"href":"https:\/\/www.tvwabern.ch\/index.php?rest_route=\/wp\/v2\/users\/10"}],"replies":[{"embeddable":true,"href":"https:\/\/www.tvwabern.ch\/index.php?rest_route=%2Fwp%2Fv2%2Fcomments&post=585"}],"version-history":[{"count":18,"href":"https:\/\/www.tvwabern.ch\/index.php?rest_route=\/wp\/v2\/pages\/585\/revisions"}],"predecessor-version":[{"id":1271,"href":"https:\/\/www.tvwabern.ch\/index.php?rest_route=\/wp\/v2\/pages\/585\/revisions\/1271"}],"up":[{"embeddable":true,"href":"https:\/\/www.tvwabern.ch\/index.php?rest_route=\/wp\/v2\/pages\/77"}],"wp:attachment":[{"href":"https:\/\/www.tvwabern.ch\/index.php?rest_route=%2Fwp%2Fv2%2Fmedia&parent=585"}],"curies":[{"name":"wp","href":"https:\/\/api.w.org\/{rel}","templated":true}]}}