{"id":1258,"date":"2025-02-20T17:11:17","date_gmt":"2025-02-20T16:11:17","guid":{"rendered":"https:\/\/www.tvwabern.ch\/?page_id=1258"},"modified":"2025-07-02T23:57:12","modified_gmt":"2025-07-02T21:57:12","slug":"register","status":"publish","type":"page","link":"https:\/\/www.tvwabern.ch\/?page_id=1258","title":{"rendered":"Mitglieder-Registrierung"},"content":{"rendered":"\n<div class=\"um um-register um-1252\">\n\t<div class=\"um-form\" data-mode=\"register\">\n\t\t<form method=\"post\" action=\"\">\n\t\t\t<div class=\"um-row _um_row_1 \" style=\"margin: 0 0 30px 0;\"><div class=\"um-col-1\"><div  id=\"um_field_1252_first_name\" class=\"um-field um-field-text  um-field-first_name um-field-text um-field-type_text\" data-key=\"first_name\"><div class=\"um-field-label\"><label for=\"first_name-1252\">Vorname<span class=\"um-req\" title=\"Erforderlich\">*<\/span><\/label><div class=\"um-clear\"><\/div><\/div><div class=\"um-field-area\"><input  autocomplete=\"off\" class=\"um-form-field valid \" type=\"text\" name=\"first_name-1252\" id=\"first_name-1252\" value=\"\" placeholder=\"\" data-validate=\"\" data-key=\"first_name\"  aria-invalid=\"false\" \/>\n\n\t\t\t\t\t\t<\/div><\/div><div  id=\"um_field_1252_last_name\" class=\"um-field um-field-text  um-field-last_name um-field-text um-field-type_text\" data-key=\"last_name\"><div class=\"um-field-label\"><label for=\"last_name-1252\">Nachname<span class=\"um-req\" title=\"Erforderlich\">*<\/span><\/label><div class=\"um-clear\"><\/div><\/div><div class=\"um-field-area\"><input  autocomplete=\"off\" class=\"um-form-field valid \" type=\"text\" name=\"last_name-1252\" id=\"last_name-1252\" value=\"\" placeholder=\"\" data-validate=\"\" data-key=\"last_name\"  aria-invalid=\"false\" \/>\n\n\t\t\t\t\t\t<\/div><\/div><div  id=\"um_field_1252_gender\" class=\"um-field um-field-radio  um-field-gender um-field-radio um-field-type_radio\" data-key=\"gender\"  aria-invalid=\"false\" ><div class=\"um-field-label\"><label for=\"gender-1252\">Geschlecht<span class=\"um-req\" title=\"Erforderlich\">*<\/span><\/label><div class=\"um-clear\"><\/div><\/div><div class=\"um-field-area\"><label class=\"um-field-radio  um-field-half \"><input  type=\"radio\" name=\"gender[]\" value=\"M\u00e4nnlich\"  \/><span class=\"um-field-radio-state\"><i class=\"um-icon-android-radio-button-off\"><\/i><\/span><span class=\"um-field-radio-option\">M\u00e4nnlich<\/span><\/label><label class=\"um-field-radio  um-field-half  right \"><input  type=\"radio\" name=\"gender[]\" value=\"Weiblich\"  \/><span class=\"um-field-radio-state\"><i class=\"um-icon-android-radio-button-off\"><\/i><\/span><span class=\"um-field-radio-option\">Weiblich<\/span><\/label><div class=\"um-clear\"><\/div><label class=\"um-field-radio  um-field-half \"><input  type=\"radio\" name=\"gender[]\" value=\"Divers\"  \/><span class=\"um-field-radio-state\"><i class=\"um-icon-android-radio-button-off\"><\/i><\/span><span class=\"um-field-radio-option\">Divers<\/span><\/label><div class=\"um-clear\"><\/div><\/div><\/div><div  id=\"um_field_1252_birth_date\" class=\"um-field um-field-date  um-field-birth_date um-field-date um-field-type_date\" data-key=\"birth_date\"><div class=\"um-field-label\"><label for=\"birth_date-1252\">Geburtsdatum<span class=\"um-req\" title=\"Erforderlich\">*<\/span><\/label><div class=\"um-clear\"><\/div><\/div><div class=\"um-field-area\"><input   class=\"um-form-field valid um-datepicker \" type=\"text\" name=\"birth_date-1252\" id=\"birth_date-1252\" value=\"\" placeholder=\"\" data-validate=\"\" data-key=\"birth_date\" data-range=\"years\" data-years=\"100\" data-years_x=\"past\" data-disabled_weekdays=\"[1]\" data-date_min=\"1926,4,19\" data-date_max=\"2026,4,19\" data-format=\"d mmm yyyy\" data-value=\"\"  aria-invalid=\"false\" \/>\n\n\t\t\t\t\t\t<\/div><\/div><div  id=\"um_field_1252_username\" class=\"um-field um-field-text  um-field-username um-field-text um-field-type_text\" data-key=\"username\"><div class=\"um-field-label\"><label for=\"username-1252\">Benutzername oder E-Mail-Adresse<span class=\"um-req\" title=\"Erforderlich\">*<\/span><\/label><div class=\"um-clear\"><\/div><\/div><div class=\"um-field-area\"><input  autocomplete=\"off\" class=\"um-form-field valid \" type=\"text\" name=\"username-1252\" id=\"username-1252\" value=\"\" placeholder=\"\" data-validate=\"unique_username_or_email\" data-key=\"username\"  aria-invalid=\"false\" \/>\n\n\t\t\t\t\t\t<\/div><\/div><div  id=\"um_field_1252_user_password\" class=\"um-field um-field-password  um-field-user_password um-field-password um-field-type_password\" data-key=\"user_password\"><div class=\"um-field-label\"><label for=\"user_password-1252\">Passwort<span class=\"um-req\" title=\"Erforderlich\">*<\/span><\/label><div class=\"um-clear\"><\/div><\/div><div class=\"um-field-area\"><div class=\"um-field-area-password\">\n\t\t\t\t\t\t\t\t\t<input class=\"um-form-field valid \" type=\"password\" name=\"user_password-1252\" id=\"user_password-1252\" value=\"\" placeholder=\"\" data-validate=\"\" data-key=\"user_password\"  aria-invalid=\"false\" \/>\n\t\t\t\t\t\t\t\t\t<span class=\"um-toggle-password\"><i class=\"um-icon-eye\"><\/i><\/span>\n\t\t\t\t\t\t\t\t<\/div>\n\t\t\t\t\t\t\t<\/div><\/div><div  id=\"um_field_1252_confirm_user_password\" class=\"um-field um-field-password  um-field-user_password um-field-password um-field-type_password\" data-key=\"confirm_user_password\"><div class=\"um-field-label\"><label for=\"confirm_user_password-1252\">Passwort best\u00e4tigen<span class=\"um-req\" title=\"Erforderlich\">*<\/span><\/label><div class=\"um-clear\"><\/div><\/div><div class=\"um-field-area\"><div class=\"um-field-area-password\"><input class=\"um-form-field valid \" type=\"password\" name=\"confirm_user_password-1252\" id=\"confirm_user_password-1252\" value=\"\" placeholder=\"Passwort best\u00e4tigen\" data-validate=\"\" data-key=\"confirm_user_password\"  aria-invalid=\"false\" \/><span class=\"um-toggle-password\"><i class=\"um-icon-eye\"><\/i><\/span><\/div><\/div><\/div><div  id=\"um_field_1252_mobile_number\" class=\"um-field um-field-tel  um-field-mobile_number um-field-tel um-field-type_tel\" data-key=\"mobile_number\"><div class=\"um-field-label\"><label for=\"mobile_number-1252\">Mobilnummer<span class=\"um-req\" title=\"Erforderlich\">*<\/span><\/label><div class=\"um-clear\"><\/div><\/div><div class=\"um-field-area\"><input  autocomplete=\"off\" class=\"um-form-field valid \" type=\"tel\" name=\"mobile_number-1252\" id=\"mobile_number-1252\" value=\"\" placeholder=\"\" data-validate=\"phone_number\" data-key=\"mobile_number\"  aria-invalid=\"false\" \/>\n\n\t\t\t\t\t\t<\/div><\/div><div  id=\"um_field_1252_phone_number\" class=\"um-field um-field-tel  um-field-phone_number um-field-tel um-field-type_tel\" data-key=\"phone_number\"><div class=\"um-field-label\"><label for=\"phone_number-1252\">Telefonnummer<\/label><div class=\"um-clear\"><\/div><\/div><div class=\"um-field-area\"><input  autocomplete=\"off\" class=\"um-form-field valid not-required \" type=\"tel\" name=\"phone_number-1252\" id=\"phone_number-1252\" value=\"\" placeholder=\"\" data-validate=\"phone_number\" data-key=\"phone_number\"  aria-invalid=\"false\" \/>\n\n\t\t\t\t\t\t<\/div><\/div><div  id=\"um_field_1252_user_email\" class=\"um-field um-field-text  um-field-user_email um-field-text um-field-type_text\" data-key=\"user_email\"><div class=\"um-field-label\"><label for=\"user_email-1252\">E-Mail-Adresse<span class=\"um-req\" title=\"Erforderlich\">*<\/span><\/label><div class=\"um-clear\"><\/div><\/div><div class=\"um-field-area\"><input  autocomplete=\"off\" class=\"um-form-field valid \" type=\"text\" name=\"user_email-1252\" id=\"user_email-1252\" value=\"\" placeholder=\"\" data-validate=\"unique_email\" data-key=\"user_email\"  aria-invalid=\"false\" \/>\n\n\t\t\t\t\t\t<\/div><\/div><div  id=\"um_field_1252_strasse_hausnummer\" class=\"um-field um-field-text  um-field-strasse_hausnummer um-field-text um-field-type_text\" data-key=\"strasse_hausnummer\"><div class=\"um-field-label\"><label for=\"strasse_hausnummer-1252\">Strasse &amp; Hausnummer<span class=\"um-req\" title=\"Erforderlich\">*<\/span><\/label><div class=\"um-clear\"><\/div><\/div><div class=\"um-field-area\"><input  autocomplete=\"off\" class=\"um-form-field valid \" type=\"text\" name=\"strasse_hausnummer-1252\" id=\"strasse_hausnummer-1252\" value=\"\" placeholder=\"\" data-validate=\"\" data-key=\"strasse_hausnummer\"  aria-invalid=\"false\" \/>\n\n\t\t\t\t\t\t<\/div><\/div><div  id=\"um_field_1252_plz\" class=\"um-field um-field-text  um-field-plz um-field-text um-field-type_text\" data-key=\"plz\"><div class=\"um-field-label\"><label for=\"plz-1252\">PLZ<span class=\"um-req\" title=\"Erforderlich\">*<\/span><\/label><div class=\"um-clear\"><\/div><\/div><div class=\"um-field-area\"><input  autocomplete=\"off\" class=\"um-form-field valid \" type=\"text\" name=\"plz-1252\" id=\"plz-1252\" value=\"\" placeholder=\"\" data-validate=\"\" data-key=\"plz\"  aria-invalid=\"false\" \/>\n\n\t\t\t\t\t\t<\/div><\/div><div  id=\"um_field_1252_wohnort\" class=\"um-field um-field-text  um-field-wohnort um-field-text um-field-type_text\" data-key=\"wohnort\"><div class=\"um-field-label\"><label for=\"wohnort-1252\">Wohnort<span class=\"um-req\" title=\"Erforderlich\">*<\/span><\/label><div class=\"um-clear\"><\/div><\/div><div class=\"um-field-area\"><input  autocomplete=\"off\" class=\"um-form-field valid \" type=\"text\" name=\"wohnort-1252\" id=\"wohnort-1252\" value=\"\" placeholder=\"\" data-validate=\"\" data-key=\"wohnort\"  aria-invalid=\"false\" \/>\n\n\t\t\t\t\t\t<\/div><\/div><div  id=\"um_field_1252_country\" class=\"um-field um-field-select  um-field-country um-field-select um-field-type_select\" data-key=\"country\"><div class=\"um-field-label\"><label for=\"country-1252\">Land<span class=\"um-req\" title=\"Erforderlich\">*<\/span><\/label><div class=\"um-clear\"><\/div><\/div><div class=\"um-field-area  \"><select data-default=\"Schweiz\"     name=\"country\" id=\"country\" data-validate=\"\" data-key=\"country\" class=\"um-form-field valid um-s1 \" style=\"width: 100%\" data-placeholder=\"Land w\u00e4hlen\"   aria-invalid=\"false\" ><option value=\"\"><\/option><option value=\"Afghanistan\" >Afghanistan<\/option><option value=\"\u00c5land\" >\u00c5land<\/option><option value=\"Albanien\" >Albanien<\/option><option value=\"Algerien\" >Algerien<\/option><option value=\"Amerikanisch-Samoa\" >Amerikanisch-Samoa<\/option><option value=\"Andorra\" >Andorra<\/option><option value=\"Angola\" >Angola<\/option><option value=\"Anguilla\" >Anguilla<\/option><option value=\"Antarktika\" >Antarktika<\/option><option value=\"Antigua und Barbuda\" >Antigua und Barbuda<\/option><option value=\"Argentinien\" >Argentinien<\/option><option value=\"Armenien\" >Armenien<\/option><option value=\"Aruba\" >Aruba<\/option><option value=\"Australien\" >Australien<\/option><option value=\"\u00d6sterreich\" >\u00d6sterreich<\/option><option value=\"Aserbaidschan\" >Aserbaidschan<\/option><option value=\"Bahamas\" >Bahamas<\/option><option value=\"Bahrain\" >Bahrain<\/option><option value=\"Bangladesch\" >Bangladesch<\/option><option value=\"Barbados\" >Barbados<\/option><option value=\"Wei\u00dfrussland\" >Wei\u00dfrussland<\/option><option value=\"Belgien\" >Belgien<\/option><option value=\"Belize\" >Belize<\/option><option value=\"Benin\" >Benin<\/option><option value=\"Bermuda\" >Bermuda<\/option><option value=\"Bhutan\" >Bhutan<\/option><option value=\"Bolivien\" >Bolivien<\/option><option value=\"Bosnien und Herzegowina\" >Bosnien und Herzegowina<\/option><option value=\"Botswana\" >Botswana<\/option><option value=\"Bouvetinsel\" >Bouvetinsel<\/option><option value=\"Brasilien\" >Brasilien<\/option><option value=\"Britisches Territorium im Indischen Ozean\" >Britisches Territorium im Indischen Ozean<\/option><option value=\"Brunei\" >Brunei<\/option><option value=\"Bulgarien\" >Bulgarien<\/option><option value=\"Burkina Faso\" >Burkina Faso<\/option><option value=\"Burundi\" >Burundi<\/option><option value=\"Kambodscha\" >Kambodscha<\/option><option value=\"Kamerun\" >Kamerun<\/option><option value=\"Kanada\" >Kanada<\/option><option value=\"Kap Verde\" >Kap Verde<\/option><option value=\"Kaimaninseln\" >Kaimaninseln<\/option><option value=\"Zentralafrikanische Republik\" >Zentralafrikanische Republik<\/option><option value=\"Tschad\" >Tschad<\/option><option value=\"Chile\" >Chile<\/option><option value=\"China\" >China<\/option><option value=\"Weihnachtsinsel\" >Weihnachtsinsel<\/option><option value=\"Kokosinseln (Keelinginseln)\" >Kokosinseln (Keelinginseln)<\/option><option value=\"Kolumbien\" >Kolumbien<\/option><option value=\"Komoren\" >Komoren<\/option><option value=\"Kongo\" >Kongo<\/option><option value=\"Kongo\" >Kongo<\/option><option value=\"Cookinseln\" >Cookinseln<\/option><option value=\"Costa Rica\" >Costa Rica<\/option><option value=\"Elfenbeink\u00fcste\" >Elfenbeink\u00fcste<\/option><option value=\"Kroatien\" >Kroatien<\/option><option value=\"Kuba\" >Kuba<\/option><option value=\"Zypern\" >Zypern<\/option><option value=\"Tschechien\" >Tschechien<\/option><option value=\"D\u00e4nemark\" >D\u00e4nemark<\/option><option value=\"Dschibuti\" >Dschibuti<\/option><option value=\"Dominica\" >Dominica<\/option><option value=\"Dominikanische Republik\" >Dominikanische Republik<\/option><option value=\"Ecuador\" >Ecuador<\/option><option value=\"\u00c4gypten\" >\u00c4gypten<\/option><option value=\"El Salvador\" >El Salvador<\/option><option value=\"\u00c4quatorialguinea\" >\u00c4quatorialguinea<\/option><option value=\"Eritrea\" >Eritrea<\/option><option value=\"Estland\" >Estland<\/option><option value=\"\u00c4thiopien\" >\u00c4thiopien<\/option><option value=\"Falklandinseln\" >Falklandinseln<\/option><option value=\"F\u00e4r\u00f6er\" >F\u00e4r\u00f6er<\/option><option value=\"Fidschi\" >Fidschi<\/option><option value=\"Finnland\" >Finnland<\/option><option value=\"Frankreich\" >Frankreich<\/option><option value=\"Franz\u00f6sisch-Guayana\" >Franz\u00f6sisch-Guayana<\/option><option value=\"Franz\u00f6sisch-Polynesien\" >Franz\u00f6sisch-Polynesien<\/option><option value=\"Franz\u00f6sische S\u00fcd- und Antarktisgebiete\" >Franz\u00f6sische S\u00fcd- und Antarktisgebiete<\/option><option value=\"Gabun\" >Gabun<\/option><option value=\"Gambia\" >Gambia<\/option><option value=\"Sakartwelo\" >Sakartwelo<\/option><option value=\"Deutschland\" >Deutschland<\/option><option value=\"Ghana\" >Ghana<\/option><option value=\"Gibraltar\" >Gibraltar<\/option><option value=\"Griechenland\" >Griechenland<\/option><option value=\"Gr\u00f6nland\" >Gr\u00f6nland<\/option><option value=\"Grenada\" >Grenada<\/option><option value=\"Guadeloupe\" >Guadeloupe<\/option><option value=\"Guam\" >Guam<\/option><option value=\"Guatemala\" >Guatemala<\/option><option value=\"Guernsey\" >Guernsey<\/option><option value=\"Guinea\" >Guinea<\/option><option value=\"Guinea-Bissau\" >Guinea-Bissau<\/option><option value=\"Guyana\" >Guyana<\/option><option value=\"Haiti\" >Haiti<\/option><option value=\"Heard und McDonaldinseln\" >Heard und McDonaldinseln<\/option><option value=\"Heiliger Stuhl (Staat Vatikanstadt)\" >Heiliger Stuhl (Staat Vatikanstadt)<\/option><option value=\"Honduras\" >Honduras<\/option><option value=\"Hongkong\" >Hongkong<\/option><option value=\"Ungarn\" >Ungarn<\/option><option value=\"Island\" >Island<\/option><option value=\"Indien\" >Indien<\/option><option value=\"Indonesien\" >Indonesien<\/option><option value=\"Iran\" >Iran<\/option><option value=\"Irak\" >Irak<\/option><option value=\"Irland\" >Irland<\/option><option value=\"Isle of Man\" >Isle of Man<\/option><option value=\"Israel\" >Israel<\/option><option value=\"Italien\" >Italien<\/option><option value=\"Jamaika\" >Jamaika<\/option><option value=\"Japan\" >Japan<\/option><option value=\"Jersey\" >Jersey<\/option><option value=\"Jordanien\" >Jordanien<\/option><option value=\"Kasachstan\" >Kasachstan<\/option><option value=\"Kenia\" >Kenia<\/option><option value=\"Kiribati\" >Kiribati<\/option><option value=\"Nordkorea\" >Nordkorea<\/option><option value=\"S\u00fcdkorea\" >S\u00fcdkorea<\/option><option value=\"Kuwait\" >Kuwait<\/option><option value=\"Kirgisistan\" >Kirgisistan<\/option><option value=\"Laos\" >Laos<\/option><option value=\"Lettland\" >Lettland<\/option><option value=\"Libanon\" >Libanon<\/option><option value=\"Lesotho\" >Lesotho<\/option><option value=\"Liberia\" >Liberia<\/option><option value=\"Libyen\" >Libyen<\/option><option value=\"Liechtenstein\" >Liechtenstein<\/option><option value=\"Litauen\" >Litauen<\/option><option value=\"Luxemburg\" >Luxemburg<\/option><option value=\"Macau\" >Macau<\/option><option value=\"Mazedonien\" >Mazedonien<\/option><option value=\"Madagaskar\" >Madagaskar<\/option><option value=\"Malawi\" >Malawi<\/option><option value=\"Malaysia\" >Malaysia<\/option><option value=\"Malediven\" >Malediven<\/option><option value=\"Mali\" >Mali<\/option><option value=\"Malta\" >Malta<\/option><option value=\"Marshallinseln\" >Marshallinseln<\/option><option value=\"Martinique\" >Martinique<\/option><option value=\"Mauretanien\" >Mauretanien<\/option><option value=\"Mauritius\" >Mauritius<\/option><option value=\"Mayotte\" >Mayotte<\/option><option value=\"Mexiko\" >Mexiko<\/option><option value=\"Mikronesien, F\u00f6derierte Staaten von\" >Mikronesien, F\u00f6derierte Staaten von<\/option><option value=\"Moldawien\" >Moldawien<\/option><option value=\"Monaco\" >Monaco<\/option><option value=\"Mongolei\" >Mongolei<\/option><option value=\"Montenegro\" >Montenegro<\/option><option value=\"Montserrat\" >Montserrat<\/option><option value=\"Marokko\" >Marokko<\/option><option value=\"Mosambik\" >Mosambik<\/option><option value=\"Myanmar\" >Myanmar<\/option><option value=\"Namibia\" >Namibia<\/option><option value=\"Nauru\" >Nauru<\/option><option value=\"Nepal\" >Nepal<\/option><option value=\"Niederlande\" >Niederlande<\/option><option value=\"Niederl\u00e4ndische Antillen\" >Niederl\u00e4ndische Antillen<\/option><option value=\"Neukaledonien\" >Neukaledonien<\/option><option value=\"Neuseeland\" >Neuseeland<\/option><option value=\"Nicaragua\" >Nicaragua<\/option><option value=\"Niger\" >Niger<\/option><option value=\"Nigeria\" >Nigeria<\/option><option value=\"Niue\" >Niue<\/option><option value=\"Norfolkinsel\" >Norfolkinsel<\/option><option value=\"N\u00f6rdliche Marianen\" >N\u00f6rdliche Marianen<\/option><option value=\"Norwegen\" >Norwegen<\/option><option value=\"Oman\" >Oman<\/option><option value=\"Pakistan\" >Pakistan<\/option><option value=\"Palau\" >Palau<\/option><option value=\"Pal\u00e4stina\" >Pal\u00e4stina<\/option><option value=\"Panama\" >Panama<\/option><option value=\"Papua-Neuguinea\" >Papua-Neuguinea<\/option><option value=\"Paraguay\" >Paraguay<\/option><option value=\"Peru\" >Peru<\/option><option value=\"Philippinen\" >Philippinen<\/option><option value=\"Pitcairninseln\" >Pitcairninseln<\/option><option value=\"Polen\" >Polen<\/option><option value=\"Portugal\" >Portugal<\/option><option value=\"Puerto Rico\" >Puerto Rico<\/option><option value=\"Katar\" >Katar<\/option><option value=\"R\u00e9union\" >R\u00e9union<\/option><option value=\"Rum\u00e4nien\" >Rum\u00e4nien<\/option><option value=\"Russland\" >Russland<\/option><option value=\"Ruanda\" >Ruanda<\/option><option value=\"Saint-Barth\u00e9lemy\" >Saint-Barth\u00e9lemy<\/option><option value=\"St. Helena\" >St. Helena<\/option><option value=\"St. Kitts und Nevis\" >St. Kitts und Nevis<\/option><option value=\"St. Lucia\" >St. Lucia<\/option><option value=\"St. Martin (franz\u00f6sischer Teil)\" >St. Martin (franz\u00f6sischer Teil)<\/option><option value=\"Saint-Pierre und Miquelon\" >Saint-Pierre und Miquelon<\/option><option value=\"St. Vincent und die Grenadinen\" >St. Vincent und die Grenadinen<\/option><option value=\"Samoa\" >Samoa<\/option><option value=\"San Marino\" >San Marino<\/option><option value=\"S\u00e3o Tom\u00e9 und Pr\u00edncipe\" >S\u00e3o Tom\u00e9 und Pr\u00edncipe<\/option><option value=\"Saudi-Arabien\" >Saudi-Arabien<\/option><option value=\"Senegal\" >Senegal<\/option><option value=\"Serbien\" >Serbien<\/option><option value=\"Seychellen\" >Seychellen<\/option><option value=\"Sierra Leone\" >Sierra Leone<\/option><option value=\"Singapur\" >Singapur<\/option><option value=\"Slowakei\" >Slowakei<\/option><option value=\"Slowenien\" >Slowenien<\/option><option value=\"Salomonen\" >Salomonen<\/option><option value=\"Somalia\" >Somalia<\/option><option value=\"S\u00fcdafrika\" >S\u00fcdafrika<\/option><option value=\"S\u00fcdgeorgien und die S\u00fcdlichen Sandwichinseln\" >S\u00fcdgeorgien und die S\u00fcdlichen Sandwichinseln<\/option><option value=\"S\u00fcdsudan\" >S\u00fcdsudan<\/option><option value=\"Spanien\" >Spanien<\/option><option value=\"Sri Lanka\" >Sri Lanka<\/option><option value=\"Sudan\" >Sudan<\/option><option value=\"Suriname\" >Suriname<\/option><option value=\"Svalbard und Jan Mayen\" >Svalbard und Jan Mayen<\/option><option value=\"Eswatini\" >Eswatini<\/option><option value=\"Schweden\" >Schweden<\/option><option value=\"Schweiz\" selected>Schweiz<\/option><option value=\"Syrien\" >Syrien<\/option><option value=\"Taiwan\" >Taiwan<\/option><option value=\"Tadschikistan\" >Tadschikistan<\/option><option value=\"Tansania\" >Tansania<\/option><option value=\"Thailand\" >Thailand<\/option><option value=\"Osttimor\" >Osttimor<\/option><option value=\"Togo\" >Togo<\/option><option value=\"Tokelau\" >Tokelau<\/option><option value=\"Tonga\" >Tonga<\/option><option value=\"Trinidad und Tobago\" >Trinidad und Tobago<\/option><option value=\"Tunesien\" >Tunesien<\/option><option value=\"T\u00fcrkei\" >T\u00fcrkei<\/option><option value=\"Turkmenistan\" >Turkmenistan<\/option><option value=\"Turks- und Caicosinseln\" >Turks- und Caicosinseln<\/option><option value=\"Tuvalu\" >Tuvalu<\/option><option value=\"Uganda\" >Uganda<\/option><option value=\"Ukraine\" >Ukraine<\/option><option value=\"Vereinigte Arabische Emirate\" >Vereinigte Arabische Emirate<\/option><option value=\"Vereinigtes K\u00f6nigreich\" >Vereinigtes K\u00f6nigreich<\/option><option value=\"Vereinigte Staaten von Amerika\" >Vereinigte Staaten von Amerika<\/option><option value=\"Kleinere abgelegene Inseln der Vereinigten Staaten\" >Kleinere abgelegene Inseln der Vereinigten Staaten<\/option><option value=\"Uruguay\" >Uruguay<\/option><option value=\"Usbekistan\" >Usbekistan<\/option><option value=\"Vanuatu\" >Vanuatu<\/option><option value=\"Venezuela\" >Venezuela<\/option><option value=\"Vietnam\" >Vietnam<\/option><option value=\"Britische Jungferninseln\" >Britische Jungferninseln<\/option><option value=\"Amerikanische Jungferninseln\" >Amerikanische Jungferninseln<\/option><option value=\"Wallis und Futuna\" >Wallis und Futuna<\/option><option value=\"Westsahara\" >Westsahara<\/option><option value=\"Jemen\" >Jemen<\/option><option value=\"Sambia\" >Sambia<\/option><option value=\"Simbabwe\" >Simbabwe<\/option><\/select><\/div><\/div><\/div><\/div><div class=\"um-row _um_row_2 \" style=\"padding: 0px 10px 10px 10px;background-color: #c6c6c6;margin: 0px 0px 10px 0px;border-width: 2px 2px 2px 2px;border-style: solid;border-color: #636363;border-radius: 0px;\"><div class=\"um-col-1\"><div  id=\"um_field_1252_mitgliedschaft\" class=\"um-field um-field-select  um-field-mitgliedschaft um-field-select um-field-type_select\" data-key=\"mitgliedschaft\"><div class=\"um-field-label\"><label for=\"mitgliedschaft-1252\">Mitgliedschaft<span class=\"um-req\" title=\"Erforderlich\">*<\/span><\/label><div class=\"um-clear\"><\/div><\/div><div class=\"um-field-area  \"><select data-default=\"\"     name=\"mitgliedschaft\" id=\"mitgliedschaft\" data-validate=\"\" data-key=\"mitgliedschaft\" class=\"um-form-field valid um-s1 \" style=\"width: 100%\" data-placeholder=\"Mitgliedschaft w\u00e4hlen\"   aria-invalid=\"false\" ><option value=\"\"><\/option><option value=\"Mitglied Einzel\" >Mitglied Einzel<\/option><option value=\"Mitglied Paar (Familie)\" >Mitglied Paar (Familie)<\/option><\/select><\/div><\/div><\/div><\/div>\n<!-- This file should primarily consist of HTML with a little bit of PHP. -->\n<div class=\"um-field um-field-type_terms_conditions\" data-key=\"use_terms_conditions_agreement\" style=\"display:block;padding:0;\">\n\t<div class=\"um-field-area\">\n\t\t<div class=\"um-gdpr-content\" style=\"display:none;\">\n\t\t\tSomething notices\t\t<\/div>\n\t\t<a href=\"javascript:void(0);\" class=\"um-toggle-gdpr\" data-toggle-state=\"hidden\"\n\t\t\tdata-toggle-show=\"Datenschutzerkl\u00e4rung zeigen\"\n\t\t\tdata-toggle-hide=\"Datenschutzerkl\u00e4rung verstecken\">\n\t\t\tDatenschutzerkl\u00e4rung zeigen\t\t<\/a>\n\t<\/div>\n\t<div class=\"um-field-area\">\n\t\t<label class=\"um-field-checkbox\">\n\t\t\t<input type=\"checkbox\" name=\"use_gdpr_agreement\" value=\"1\">\n\t\t\t<span class=\"um-field-checkbox-state\"><i class=\"um-icon-android-checkbox-outline-blank\"><\/i><\/span>\n\t\t\t<span class=\"um-field-checkbox-option\">Bitte best\u00e4tige, dass du unserer Datenschutzerkl\u00e4rung zustimmst<\/span>\n\t\t<\/label>\n\t\t<div class=\"um-clear\"><\/div>\n\t\t\t\t<div class=\"um-clear\"><\/div>\n\t<\/div>\n<\/div>\n\t<input type=\"hidden\" name=\"form_id\" id=\"form_id_1252\" value=\"1252\" \/>\n\t\t<p class=\"um_request_name\">\n\t\t<label for=\"um_request_1252\">Only fill in if you are not human<\/label>\n\t\t<input type=\"hidden\" name=\"um_request\" id=\"um_request_1252\" class=\"input\" value=\"\" size=\"25\" autocomplete=\"off\" \/>\n\t<\/p>\n\t<input type=\"hidden\" id=\"_wpnonce\" name=\"_wpnonce\" value=\"90d209e97f\" \/><input type=\"hidden\" name=\"_wp_http_referer\" value=\"\/index.php?rest_route=%2Fwp%2Fv2%2Fpages%2F1258\" \/>\n\t<div class=\"um-col-alt\">\n\n\t\t\n\t\t\t<div class=\"um-left um-half\">\n\t\t\t\t<input type=\"submit\" value=\"Registrieren\" class=\"um-button\" id=\"um-submit-btn\" \/>\n\t\t\t<\/div>\n\t\t\t<div class=\"um-right um-half\">\n\t\t\t\t<a href=\"https:\/\/www.tvwabern.ch\/?page_id=1257\" class=\"um-button um-alt\">\n\t\t\t\t\tAnmelden\t\t\t\t<\/a>\n\t\t\t<\/div>\n\n\t\t\n\t\t<div class=\"um-clear\"><\/div>\n\n\t<\/div>\n\n\t\t\t<\/form>\n\t<\/div>\n<\/div>\n<style>\n\t\t\t.um-1252.um {\n\t\t\tmax-width: 450px;\n\t\t}\n\t\t<\/style>\n\n\n\n<p><\/p>\n","protected":false},"excerpt":{"rendered":"","protected":false},"author":10,"featured_media":0,"parent":0,"menu_order":0,"comment_status":"closed","ping_status":"closed","template":"","meta":{"footnotes":""},"class_list":["post-1258","page","type-page","status-publish","hentry"],"_links":{"self":[{"href":"https:\/\/www.tvwabern.ch\/index.php?rest_route=\/wp\/v2\/pages\/1258","targetHints":{"allow":["GET"]}}],"collection":[{"href":"https:\/\/www.tvwabern.ch\/index.php?rest_route=\/wp\/v2\/pages"}],"about":[{"href":"https:\/\/www.tvwabern.ch\/index.php?rest_route=\/wp\/v2\/types\/page"}],"author":[{"embeddable":true,"href":"https:\/\/www.tvwabern.ch\/index.php?rest_route=\/wp\/v2\/users\/10"}],"replies":[{"embeddable":true,"href":"https:\/\/www.tvwabern.ch\/index.php?rest_route=%2Fwp%2Fv2%2Fcomments&post=1258"}],"version-history":[{"count":5,"href":"https:\/\/www.tvwabern.ch\/index.php?rest_route=\/wp\/v2\/pages\/1258\/revisions"}],"predecessor-version":[{"id":1301,"href":"https:\/\/www.tvwabern.ch\/index.php?rest_route=\/wp\/v2\/pages\/1258\/revisions\/1301"}],"wp:attachment":[{"href":"https:\/\/www.tvwabern.ch\/index.php?rest_route=%2Fwp%2Fv2%2Fmedia&parent=1258"}],"curies":[{"name":"wp","href":"https:\/\/api.w.org\/{rel}","templated":true}]}}