{"id":121,"date":"2020-03-22T16:56:41","date_gmt":"2020-03-22T16:56:41","guid":{"rendered":"http:\/\/www.tvwabern.ch\/?page_id=121"},"modified":"2025-07-02T23:57:12","modified_gmt":"2025-07-02T21:57:12","slug":"fitness","status":"publish","type":"page","link":"https:\/\/www.tvwabern.ch\/?page_id=121","title":{"rendered":"Fitness"},"content":{"rendered":"\n<p>Das Fitnesstraining des TV Wabern ist offen f\u00fcr alle:&nbsp;alt und jung, fit und noch nicht fit. Es bietet eine vielseitige Bewegungsstunde f\u00fcr Kreislauf, Kraft und Koordination.<\/p>\n\n\n\n<p>Die Leiterinnen und Leiter sorgen f\u00fcr vielf\u00e4ltige sportliche Aktivit\u00e4t: die Teilnehmenden bewegen mit, wie es ihnen gut tut.&nbsp;Ein&nbsp;Einstieg ist jederzeit m\u00f6glich. Man muss auch nicht Mitglied im Turnverein sein.<\/p>\n\n\n\n<p><em><strong>Komm doch einmal vorbei \u2013 Schnuppern kostet nichts!<\/strong><\/em><\/p>\n\n\n\n<h4 class=\"wp-block-heading\">\u2013 Mittwoch 19.15 bis ca 20.15 h<\/h4>\n\n\n\n<h4 class=\"wp-block-heading\">\u2013 in den Schulwochen<\/h4>\n\n\n\n<h4 class=\"wp-block-heading\">\u2013 obere Turnhalle&nbsp;Morillon, Wabern<\/h4>\n\n\n\n<h4 class=\"wp-block-heading\">\u2013 60.- pro Quartal (mindestens 9 mal); Herbstquartal 40.-<\/h4>\n\n\n\n<h4 class=\"wp-block-heading\">\u2013 ein Ganzjahresabo kostet 200.-<\/h4>\n\n\n\n<p><strong>Auskunft : 031 961 63 65 &nbsp; &nbsp; &nbsp;<\/strong><\/p>\n\n\n\n<p><strong>Anmeldung in der Halle&nbsp;oder \u00fcber die genannte Telefonnummer.<\/strong><\/p>\n","protected":false},"excerpt":{"rendered":"<p>Das Fitnesstraining des TV Wabern ist offen f\u00fcr alle:&nbsp;alt und jung, fit und noch nicht [&hellip;]<\/p>\n","protected":false},"author":1,"featured_media":0,"parent":0,"menu_order":0,"comment_status":"closed","ping_status":"closed","template":"","meta":{"footnotes":""},"class_list":["post-121","page","type-page","status-publish","hentry"],"_links":{"self":[{"href":"https:\/\/www.tvwabern.ch\/index.php?rest_route=\/wp\/v2\/pages\/121","targetHints":{"allow":["GET"]}}],"collection":[{"href":"https:\/\/www.tvwabern.ch\/index.php?rest_route=\/wp\/v2\/pages"}],"about":[{"href":"https:\/\/www.tvwabern.ch\/index.php?rest_route=\/wp\/v2\/types\/page"}],"author":[{"embeddable":true,"href":"https:\/\/www.tvwabern.ch\/index.php?rest_route=\/wp\/v2\/users\/1"}],"replies":[{"embeddable":true,"href":"https:\/\/www.tvwabern.ch\/index.php?rest_route=%2Fwp%2Fv2%2Fcomments&post=121"}],"version-history":[{"count":2,"href":"https:\/\/www.tvwabern.ch\/index.php?rest_route=\/wp\/v2\/pages\/121\/revisions"}],"predecessor-version":[{"id":268,"href":"https:\/\/www.tvwabern.ch\/index.php?rest_route=\/wp\/v2\/pages\/121\/revisions\/268"}],"wp:attachment":[{"href":"https:\/\/www.tvwabern.ch\/index.php?rest_route=%2Fwp%2Fv2%2Fmedia&parent=121"}],"curies":[{"name":"wp","href":"https:\/\/api.w.org\/{rel}","templated":true}]}}