{"id":118,"date":"2020-03-22T16:54:35","date_gmt":"2020-03-22T16:54:35","guid":{"rendered":"http:\/\/www.tvwabern.ch\/?page_id=118"},"modified":"2025-07-02T23:57:12","modified_gmt":"2025-07-02T21:57:12","slug":"frauenriege","status":"publish","type":"page","link":"https:\/\/www.tvwabern.ch\/?page_id=118","title":{"rendered":"Frauenriege"},"content":{"rendered":"\n<p>Unter der fachkundigen Aufsicht von ausgebildeten Leiterinnen treffen wir uns &#8211; Frauen ab<br>ca. 45 Jahren &#8211; f\u00fcr eine gemeinsame Yoga- oder Fitnesslektion (abwechselnd). Wir werden<br>immer internationaler und freuen uns \u00fcber neue Mitglieder aus allen Nationen. Auch j\u00fcngere<br>Interessentinnen sind nat\u00fcrlich herzlich willkommen!<\/p>\n\n\n\n<p style=\"font-style:normal;font-weight:400\">Immer <strong style=\"font-weight: bold;\">donnerstags von 19.15- 20.30 Uhr<\/strong> trainieren wir in der Turnhalle des Schulhauses<br>Morillon unsere Beweglichkeit und Ausdauer. W\u00e4hrend der K\u00f6nizer Schulferien machen wir<br>Pause.<\/p>\n\n\n\n<p>Gelegentlich geniessen wir gesellige Stunden bei Ausfl\u00fcgen, Wanderungen oder unserem<br>traditionellen Weihnachtsessen \u2013 und wir helfen auch gerne mit bei der Durchf\u00fchrung des<br>Wabere-Loufs.<\/p>\n\n\n\n<p>Der Jahresbeitrag betr\u00e4gt Fr. 120.-.<\/p>\n\n\n\n<p><strong style=\"font-weight: bold;\"><em>Wenn dich unser Programm anspricht, melde dich f\u00fcr eine Schnupperstunde \u2013 wir w\u00fcrden<br>uns freuen!<\/em><\/strong><\/p>\n\n\n\n<p>F\u00fcr weitere Ausk\u00fcnfte wende Dich an Nicole Stolte-Leeb, Telefon: 078 846 63 66, oder an Susanne Marbet Coullery, Telefon: 079 758 14 35. <\/p>\n\n\n\n<p>Mail: <a href=\"mailto:frauen@tvwabern.ch\">Frauen@tvwabern.ch<\/a><\/p>\n\n\n\n<p><\/p>\n","protected":false},"excerpt":{"rendered":"<p>Unter der fachkundigen Aufsicht von ausgebildeten Leiterinnen treffen wir uns &#8211; Frauen abca. 45 Jahren [&hellip;]<\/p>\n","protected":false},"author":1,"featured_media":0,"parent":76,"menu_order":0,"comment_status":"closed","ping_status":"closed","template":"","meta":{"footnotes":""},"class_list":["post-118","page","type-page","status-publish","hentry"],"_links":{"self":[{"href":"https:\/\/www.tvwabern.ch\/index.php?rest_route=\/wp\/v2\/pages\/118","targetHints":{"allow":["GET"]}}],"collection":[{"href":"https:\/\/www.tvwabern.ch\/index.php?rest_route=\/wp\/v2\/pages"}],"about":[{"href":"https:\/\/www.tvwabern.ch\/index.php?rest_route=\/wp\/v2\/types\/page"}],"author":[{"embeddable":true,"href":"https:\/\/www.tvwabern.ch\/index.php?rest_route=\/wp\/v2\/users\/1"}],"replies":[{"embeddable":true,"href":"https:\/\/www.tvwabern.ch\/index.php?rest_route=%2Fwp%2Fv2%2Fcomments&post=118"}],"version-history":[{"count":10,"href":"https:\/\/www.tvwabern.ch\/index.php?rest_route=\/wp\/v2\/pages\/118\/revisions"}],"predecessor-version":[{"id":984,"href":"https:\/\/www.tvwabern.ch\/index.php?rest_route=\/wp\/v2\/pages\/118\/revisions\/984"}],"up":[{"embeddable":true,"href":"https:\/\/www.tvwabern.ch\/index.php?rest_route=\/wp\/v2\/pages\/76"}],"wp:attachment":[{"href":"https:\/\/www.tvwabern.ch\/index.php?rest_route=%2Fwp%2Fv2%2Fmedia&parent=118"}],"curies":[{"name":"wp","href":"https:\/\/api.w.org\/{rel}","templated":true}]}}