{"id":114,"date":"2020-03-22T16:53:30","date_gmt":"2020-03-22T16:53:30","guid":{"rendered":"http:\/\/www.tvwabern.ch\/?page_id=114"},"modified":"2025-07-02T23:57:12","modified_gmt":"2025-07-02T21:57:12","slug":"jugend","status":"publish","type":"page","link":"https:\/\/www.tvwabern.ch\/?page_id=114","title":{"rendered":"Jugend"},"content":{"rendered":"\n<h4 class=\"wp-block-heading\">Das Meitschi- und Gieleturnen \u2013&nbsp;Ein vielseitiges Sportangebot f\u00fcr alle bewegungsfreudigen Kinder!<\/h4>\n\n\n\n<p><strong>\u00abFang mi doch!\u00bb \u2013 \u00abGimer dr Ball\u00bb \u2013 \u00ablueg mau, ich cha scho s\u2019Rad\u00bb \u2013 \u00abmache mer h\u00fct Spiiiili?\u00bb\u2026 So t\u00f6nt es jeweils am Montagabend in den Turnhallen Morillon.<\/strong><\/p>\n\n\n\n<p>Regelm\u00e4ssig findet am Montag von 17.30 bis 18.30 Uhr das Meitschi- und Gieleturne statt. Im Sommer auch draussen, im Winter in der Halle bietet der Turnverein Wabern (TV Wabern) eine vielseitige Sportstunde f\u00fcr M\u00e4dchen und Buben von der 1.\u20133. Klasse an. Im Gieleturnen k\u00f6nnen auch Knaben ab dem 2. Kindergartenjahr mitmachen.<\/p>\n\n\n\n<p><strong>Immer spannend<\/strong><\/p>\n\n\n\n<p>Hindernisparcours bew\u00e4ltigen \u2013 in die Weite springen \u2013 \u00fcber Ger\u00e4te klettern \u2013 Teamwork entdecken \u2013 balancieren \u2013 auf H\u00e4nden stehen \u2013 sich geschickt im Spielfeld positionieren \u2013 durchs Seil h\u00fcpfen \u2013 Tore treffen \u2013 schnell abgeben \u2013 aufs Minitramp hopsen \u2013 andere ins Spiel bringen \u2013 miteinander k\u00e4mpfen \u2013 Badmintonfederli meistern \u2013 Ballone klatschen \u2013 Frisbees losschicken \u2013 an den Ringen schwingen \u2013 Spielregeln lernen \u2013 B\u00e4lle schmeissen \u2013 \u00fcber den Boden rollen \u2013 durch die Luft fliegen \u2013 einfangen \u2026 Es bleibt immer spannend und sowohl Kinder wie LeiterInnen lassen sich begeistern und lernen st\u00e4ndig Neues dazu.<\/p>\n\n\n\n<p>Die Stimmung ist lebhaft und aufgestellt, die Inhalte der einzelnen Stunden sind vielseitig, das Semesterprogramm abwechslungsreich. Das jeweilige LeiterInnen-Team legt grossen Wert darauf, jedes Kind gem\u00e4ss&nbsp;seinen Voraussetzungen zu integrieren und zu f\u00f6rdern.<\/p>\n\n\n\n<p><strong>Zwischen Br\u00e4teln und Schlitteln<\/strong><\/p>\n\n\n\n<p>Jedes Jahr veranstalten wir auch ein gemeinsames Br\u00e4teln im Eichholz, im Winter nehmen wir einmal die Schlitten auf den Gurten. Wir freuen uns jeden Sommer, nach den Ferien viele neue Gesichter in den Turnhallen zu sehen, und nat\u00fcrlich nehmen wir auch unter dem Jahr jederzeit gerne Kinder auf.<\/p>\n\n\n\n<p><strong>Gieleturnen sucht sportliche V\u00e4ter<\/strong><\/p>\n\n\n\n<p>F\u00fcr das Gieleturnen suchen wir zus\u00e4tzliche Leiter. Damit wir dieses Angebot aufrechterhalten k\u00f6nnen, sind wir auf euer Engagement angewiesen. Welches Team von V\u00e4tern ist motiviert, die Allround-Turnstunde zu leiten? Interessierte k\u00f6nnen sich jederzeit per Mail melden (jugi@tvwabern.ch) oder direkt in der unteren Morillonhalle einen Besuch abstatten.<\/p>\n\n\n\n<p><strong>Vision<\/strong><\/p>\n\n\n\n<p>Unsere Vision: Der TV w\u00fcrde das Meitschi-\/Gieleturnen gerne auch auf die Stufe 3.\/4. \u2013 6. Klasse ausdehnen. Mit diesem Angebot k\u00f6nnten wir auch den \u00e4lteren Kindern die M\u00f6glichkeit bieten, ihre Bewegungsfreude zusammen mit Freunden und Kolleginnen aus dem Quartier auszuleben, ohne sich f\u00fcr eine bestimmte Sportart entscheiden oder sich auf ein intensiveres Training einlassen zu m\u00fcssen. Auch daf\u00fcr brauchen wir dann Leiterinnen und Leiter, die sich engagieren. Wer weiss, vielleicht, in nicht allzu ferner Zukunft \u2026 &nbsp; &nbsp;<\/p>\n","protected":false},"excerpt":{"rendered":"<p>Das Meitschi- und Gieleturnen \u2013&nbsp;Ein vielseitiges Sportangebot f\u00fcr alle bewegungsfreudigen Kinder! \u00abFang mi doch!\u00bb \u2013 [&hellip;]<\/p>\n","protected":false},"author":1,"featured_media":0,"parent":0,"menu_order":0,"comment_status":"closed","ping_status":"closed","template":"","meta":{"footnotes":""},"class_list":["post-114","page","type-page","status-publish","hentry"],"_links":{"self":[{"href":"https:\/\/www.tvwabern.ch\/index.php?rest_route=\/wp\/v2\/pages\/114","targetHints":{"allow":["GET"]}}],"collection":[{"href":"https:\/\/www.tvwabern.ch\/index.php?rest_route=\/wp\/v2\/pages"}],"about":[{"href":"https:\/\/www.tvwabern.ch\/index.php?rest_route=\/wp\/v2\/types\/page"}],"author":[{"embeddable":true,"href":"https:\/\/www.tvwabern.ch\/index.php?rest_route=\/wp\/v2\/users\/1"}],"replies":[{"embeddable":true,"href":"https:\/\/www.tvwabern.ch\/index.php?rest_route=%2Fwp%2Fv2%2Fcomments&post=114"}],"version-history":[{"count":3,"href":"https:\/\/www.tvwabern.ch\/index.php?rest_route=\/wp\/v2\/pages\/114\/revisions"}],"predecessor-version":[{"id":305,"href":"https:\/\/www.tvwabern.ch\/index.php?rest_route=\/wp\/v2\/pages\/114\/revisions\/305"}],"wp:attachment":[{"href":"https:\/\/www.tvwabern.ch\/index.php?rest_route=%2Fwp%2Fv2%2Fmedia&parent=114"}],"curies":[{"name":"wp","href":"https:\/\/api.w.org\/{rel}","templated":true}]}}