{"id":108,"date":"2020-03-22T16:43:25","date_gmt":"2020-03-22T16:43:25","guid":{"rendered":"http:\/\/www.tvwabern.ch\/?page_id=108"},"modified":"2025-07-02T23:57:12","modified_gmt":"2025-07-02T21:57:12","slug":"impressionen-huette","status":"publish","type":"page","link":"https:\/\/www.tvwabern.ch\/?page_id=108","title":{"rendered":"Impressionen H\u00fctte"},"content":{"rendered":"\n<p>Viele heute selbstverst\u00e4ndliche T\u00e4tigkeiten m\u00fcssen, oder besser d\u00fcrfen, hier oben anders gehandhabt werden. Da kein fliessendes Wasser installiert ist, muss es vom ca. 50 Meter entfernten Holzbrunnen mit Kesseln hergetragen werden. Kaltes Wasser wird dann in einen aufgeh\u00e4ngten Wasserkessel mit eingebautem Hahn geleert, gekochtes Wasser wird in Thermoskannen abgef\u00fcllt und fertig ist die Wasseraufbereitung.<\/p>\n\n\n\n<p>Eine zus\u00e4tzliche Herausforderung ist die t\u00e4gliche K\u00f6rperpflege. Es gibt Mitglieder, die das Duschen mit einem Besuch des Hallenbades verbinden. Die Hartgesottenen ziehen aber den Brunnen im Freien vor, andere wiederum die Katzenw\u00e4sche beim warmen Ofen.<\/p>\n\n\n\n<p>Die Toiletten beschreibe ich hier nicht n\u00e4her &#8211; nur soviel &#8211; es sind Plumsklo&#8217;s. Doch etwas ist erw\u00e4hnenswert: Der Ausblick von einem der beiden H\u00e4uschen auf den Eiger ist unbezahlbar!<\/p>\n\n\n\n<p>Unsere H\u00fctte bietet mit zwei Wohnungen, die auch verbunden werden  k\u00f6nnen, einen idealen Ort zum Entspannen und Geniessen. In Grindelwald und Umgebung erwarten uns aber auch viele Wander- und Skim\u00f6glichkeiten.  Wir haben uns schon oft gefragt, was uns immer wieder dazu bewegt,  unsere Freizeit in der H\u00fctte zu verbringen. Ist es der wundersch\u00f6ne  Blick auf die Fiescherh\u00f6rner, die heute nicht mehr selbstverst\u00e4ndliche  Ruhe, das Geniessen eines Sonnenuntergangs auf dem B\u00e4nklein vor dem Haus  oder einfach das Leben ohne grossen Komfort? Fragt man unsere  Mitglieder, wird wohl jeder eine andere Antwort bereit haben.<\/p>\n\n\n\n<figure class=\"wp-block-gallery has-nested-images columns-2 is-cropped wp-block-gallery-1 is-layout-flex wp-block-gallery-is-layout-flex\">\n<figure class=\"wp-block-image size-large\"><img loading=\"lazy\" decoding=\"async\" width=\"1024\" height=\"485\" data-id=\"277\" src=\"http:\/\/www.tvwabern.ch\/wp-content\/uploads\/2020\/09\/01_Pano_Huette-1024x485.jpg\" alt=\"\" class=\"wp-image-277\" srcset=\"https:\/\/www.tvwabern.ch\/wp-content\/uploads\/2020\/09\/01_Pano_Huette-1024x485.jpg 1024w, https:\/\/www.tvwabern.ch\/wp-content\/uploads\/2020\/09\/01_Pano_Huette-300x142.jpg 300w, https:\/\/www.tvwabern.ch\/wp-content\/uploads\/2020\/09\/01_Pano_Huette-768x364.jpg 768w, https:\/\/www.tvwabern.ch\/wp-content\/uploads\/2020\/09\/01_Pano_Huette-1536x728.jpg 1536w, https:\/\/www.tvwabern.ch\/wp-content\/uploads\/2020\/09\/01_Pano_Huette-2048x971.jpg 2048w\" sizes=\"auto, (max-width: 1024px) 100vw, 1024px\" \/><\/figure>\n\n\n\n<figure class=\"wp-block-image size-large\"><img loading=\"lazy\" decoding=\"async\" width=\"300\" height=\"225\" data-id=\"278\" src=\"http:\/\/www.tvwabern.ch\/wp-content\/uploads\/2020\/09\/02_Haus-Wabern-300x225-1.jpg\" alt=\"\" class=\"wp-image-278\"\/><\/figure>\n\n\n\n<figure class=\"wp-block-image size-large\"><img loading=\"lazy\" decoding=\"async\" width=\"1024\" height=\"768\" data-id=\"894\" src=\"https:\/\/www.tvwabern.ch\/wp-content\/uploads\/2025\/01\/IMG_1520-1024x768.jpg\" alt=\"\" class=\"wp-image-894\" srcset=\"https:\/\/www.tvwabern.ch\/wp-content\/uploads\/2025\/01\/IMG_1520-1024x768.jpg 1024w, https:\/\/www.tvwabern.ch\/wp-content\/uploads\/2025\/01\/IMG_1520-300x225.jpg 300w, https:\/\/www.tvwabern.ch\/wp-content\/uploads\/2025\/01\/IMG_1520-768x576.jpg 768w, https:\/\/www.tvwabern.ch\/wp-content\/uploads\/2025\/01\/IMG_1520-1536x1152.jpg 1536w, https:\/\/www.tvwabern.ch\/wp-content\/uploads\/2025\/01\/IMG_1520-2048x1536.jpg 2048w\" sizes=\"auto, (max-width: 1024px) 100vw, 1024px\" \/><\/figure>\n\n\n\n<figure class=\"wp-block-image size-large\"><img loading=\"lazy\" decoding=\"async\" width=\"768\" height=\"1024\" data-id=\"433\" src=\"https:\/\/www.tvwabern.ch\/wp-content\/uploads\/2020\/10\/IMG_0681-768x1024.jpeg\" alt=\"\" class=\"wp-image-433\" srcset=\"https:\/\/www.tvwabern.ch\/wp-content\/uploads\/2020\/10\/IMG_0681-768x1024.jpeg 768w, https:\/\/www.tvwabern.ch\/wp-content\/uploads\/2020\/10\/IMG_0681-225x300.jpeg 225w, https:\/\/www.tvwabern.ch\/wp-content\/uploads\/2020\/10\/IMG_0681-300x400.jpeg 300w, https:\/\/www.tvwabern.ch\/wp-content\/uploads\/2020\/10\/IMG_0681-1152x1536.jpeg 1152w, https:\/\/www.tvwabern.ch\/wp-content\/uploads\/2020\/10\/IMG_0681-1536x2048.jpeg 1536w, https:\/\/www.tvwabern.ch\/wp-content\/uploads\/2020\/10\/IMG_0681-scaled.jpeg 1920w\" sizes=\"auto, (max-width: 768px) 100vw, 768px\" \/><\/figure>\n\n\n\n<figure class=\"wp-block-image size-large\"><img loading=\"lazy\" decoding=\"async\" width=\"768\" height=\"1024\" data-id=\"899\" src=\"https:\/\/www.tvwabern.ch\/wp-content\/uploads\/2025\/01\/IMG_7154-768x1024.jpg\" alt=\"\" class=\"wp-image-899\" srcset=\"https:\/\/www.tvwabern.ch\/wp-content\/uploads\/2025\/01\/IMG_7154-768x1024.jpg 768w, https:\/\/www.tvwabern.ch\/wp-content\/uploads\/2025\/01\/IMG_7154-225x300.jpg 225w, https:\/\/www.tvwabern.ch\/wp-content\/uploads\/2025\/01\/IMG_7154-300x400.jpg 300w, https:\/\/www.tvwabern.ch\/wp-content\/uploads\/2025\/01\/IMG_7154-1152x1536.jpg 1152w, https:\/\/www.tvwabern.ch\/wp-content\/uploads\/2025\/01\/IMG_7154-1536x2048.jpg 1536w, https:\/\/www.tvwabern.ch\/wp-content\/uploads\/2025\/01\/IMG_7154-scaled.jpg 1920w\" sizes=\"auto, (max-width: 768px) 100vw, 768px\" \/><\/figure>\n\n\n\n<figure class=\"wp-block-image size-large\"><img loading=\"lazy\" decoding=\"async\" width=\"1024\" height=\"906\" data-id=\"895\" src=\"https:\/\/www.tvwabern.ch\/wp-content\/uploads\/2025\/01\/IMG_1665-1024x906.jpeg\" alt=\"\" class=\"wp-image-895\" srcset=\"https:\/\/www.tvwabern.ch\/wp-content\/uploads\/2025\/01\/IMG_1665-1024x906.jpeg 1024w, https:\/\/www.tvwabern.ch\/wp-content\/uploads\/2025\/01\/IMG_1665-300x265.jpeg 300w, https:\/\/www.tvwabern.ch\/wp-content\/uploads\/2025\/01\/IMG_1665-768x679.jpeg 768w, https:\/\/www.tvwabern.ch\/wp-content\/uploads\/2025\/01\/IMG_1665-1536x1359.jpeg 1536w, https:\/\/www.tvwabern.ch\/wp-content\/uploads\/2025\/01\/IMG_1665-2048x1812.jpeg 2048w\" sizes=\"auto, (max-width: 1024px) 100vw, 1024px\" \/><\/figure>\n<\/figure>\n\n\n\n<div style=\"height:24px\" aria-hidden=\"true\" class=\"wp-block-spacer\"><\/div>\n\n\n\n<figure class=\"wp-block-gallery has-nested-images columns-2 is-cropped wp-block-gallery-2 is-layout-flex wp-block-gallery-is-layout-flex\">\n<figure class=\"wp-block-image size-large\"><img loading=\"lazy\" decoding=\"async\" width=\"1024\" height=\"768\" data-id=\"886\" src=\"https:\/\/www.tvwabern.ch\/wp-content\/uploads\/2025\/01\/IMG_0022-1024x768.jpg\" alt=\"\" class=\"wp-image-886\" srcset=\"https:\/\/www.tvwabern.ch\/wp-content\/uploads\/2025\/01\/IMG_0022-1024x768.jpg 1024w, https:\/\/www.tvwabern.ch\/wp-content\/uploads\/2025\/01\/IMG_0022-300x225.jpg 300w, https:\/\/www.tvwabern.ch\/wp-content\/uploads\/2025\/01\/IMG_0022-768x576.jpg 768w, https:\/\/www.tvwabern.ch\/wp-content\/uploads\/2025\/01\/IMG_0022-1536x1152.jpg 1536w, https:\/\/www.tvwabern.ch\/wp-content\/uploads\/2025\/01\/IMG_0022-2048x1536.jpg 2048w\" sizes=\"auto, (max-width: 1024px) 100vw, 1024px\" \/><\/figure>\n\n\n\n<figure class=\"wp-block-image size-large\"><img loading=\"lazy\" decoding=\"async\" width=\"1024\" height=\"768\" data-id=\"885\" src=\"https:\/\/www.tvwabern.ch\/wp-content\/uploads\/2025\/01\/IMG_0021-1024x768.jpg\" alt=\"\" class=\"wp-image-885\" srcset=\"https:\/\/www.tvwabern.ch\/wp-content\/uploads\/2025\/01\/IMG_0021-1024x768.jpg 1024w, https:\/\/www.tvwabern.ch\/wp-content\/uploads\/2025\/01\/IMG_0021-300x225.jpg 300w, https:\/\/www.tvwabern.ch\/wp-content\/uploads\/2025\/01\/IMG_0021-768x576.jpg 768w, https:\/\/www.tvwabern.ch\/wp-content\/uploads\/2025\/01\/IMG_0021-1536x1152.jpg 1536w, https:\/\/www.tvwabern.ch\/wp-content\/uploads\/2025\/01\/IMG_0021-2048x1536.jpg 2048w\" sizes=\"auto, (max-width: 1024px) 100vw, 1024px\" \/><\/figure>\n\n\n\n<figure class=\"wp-block-image size-large\"><img loading=\"lazy\" decoding=\"async\" width=\"768\" height=\"1024\" data-id=\"888\" src=\"https:\/\/www.tvwabern.ch\/wp-content\/uploads\/2025\/01\/IMG_0026-768x1024.jpg\" alt=\"\" class=\"wp-image-888\" srcset=\"https:\/\/www.tvwabern.ch\/wp-content\/uploads\/2025\/01\/IMG_0026-768x1024.jpg 768w, https:\/\/www.tvwabern.ch\/wp-content\/uploads\/2025\/01\/IMG_0026-225x300.jpg 225w, https:\/\/www.tvwabern.ch\/wp-content\/uploads\/2025\/01\/IMG_0026-300x400.jpg 300w, https:\/\/www.tvwabern.ch\/wp-content\/uploads\/2025\/01\/IMG_0026-1152x1536.jpg 1152w, https:\/\/www.tvwabern.ch\/wp-content\/uploads\/2025\/01\/IMG_0026-1536x2048.jpg 1536w, https:\/\/www.tvwabern.ch\/wp-content\/uploads\/2025\/01\/IMG_0026-scaled.jpg 1920w\" sizes=\"auto, (max-width: 768px) 100vw, 768px\" \/><\/figure>\n<\/figure>\n\n\n\n<div style=\"height:24px\" aria-hidden=\"true\" class=\"wp-block-spacer\"><\/div>\n\n\n\n<figure class=\"wp-block-gallery has-nested-images columns-2 is-cropped wp-block-gallery-3 is-layout-flex wp-block-gallery-is-layout-flex\">\n<figure class=\"wp-block-image size-large\"><img loading=\"lazy\" decoding=\"async\" width=\"768\" height=\"1024\" data-id=\"883\" src=\"https:\/\/www.tvwabern.ch\/wp-content\/uploads\/2025\/01\/IMG_0018-768x1024.jpg\" alt=\"\" class=\"wp-image-883\" srcset=\"https:\/\/www.tvwabern.ch\/wp-content\/uploads\/2025\/01\/IMG_0018-768x1024.jpg 768w, https:\/\/www.tvwabern.ch\/wp-content\/uploads\/2025\/01\/IMG_0018-225x300.jpg 225w, https:\/\/www.tvwabern.ch\/wp-content\/uploads\/2025\/01\/IMG_0018-300x400.jpg 300w, https:\/\/www.tvwabern.ch\/wp-content\/uploads\/2025\/01\/IMG_0018-1152x1536.jpg 1152w, https:\/\/www.tvwabern.ch\/wp-content\/uploads\/2025\/01\/IMG_0018-1536x2048.jpg 1536w, https:\/\/www.tvwabern.ch\/wp-content\/uploads\/2025\/01\/IMG_0018-scaled.jpg 1920w\" sizes=\"auto, (max-width: 768px) 100vw, 768px\" \/><\/figure>\n\n\n\n<figure class=\"wp-block-image size-large\"><img loading=\"lazy\" decoding=\"async\" width=\"1024\" height=\"768\" data-id=\"884\" src=\"https:\/\/www.tvwabern.ch\/wp-content\/uploads\/2025\/01\/IMG_0020-1024x768.jpg\" alt=\"\" class=\"wp-image-884\" srcset=\"https:\/\/www.tvwabern.ch\/wp-content\/uploads\/2025\/01\/IMG_0020-1024x768.jpg 1024w, https:\/\/www.tvwabern.ch\/wp-content\/uploads\/2025\/01\/IMG_0020-300x225.jpg 300w, https:\/\/www.tvwabern.ch\/wp-content\/uploads\/2025\/01\/IMG_0020-768x576.jpg 768w, https:\/\/www.tvwabern.ch\/wp-content\/uploads\/2025\/01\/IMG_0020-1536x1152.jpg 1536w, https:\/\/www.tvwabern.ch\/wp-content\/uploads\/2025\/01\/IMG_0020-2048x1536.jpg 2048w\" sizes=\"auto, (max-width: 1024px) 100vw, 1024px\" \/><\/figure>\n<\/figure>\n\n\n\n<div style=\"height:24px\" aria-hidden=\"true\" class=\"wp-block-spacer\"><\/div>\n\n\n\n<figure class=\"wp-block-gallery has-nested-images columns-default is-cropped wp-block-gallery-4 is-layout-flex wp-block-gallery-is-layout-flex\">\n<figure class=\"wp-block-image size-large\"><img loading=\"lazy\" decoding=\"async\" width=\"768\" height=\"1024\" data-id=\"890\" src=\"https:\/\/www.tvwabern.ch\/wp-content\/uploads\/2025\/01\/IMG_1508-768x1024.jpg\" alt=\"\" class=\"wp-image-890\" srcset=\"https:\/\/www.tvwabern.ch\/wp-content\/uploads\/2025\/01\/IMG_1508-768x1024.jpg 768w, https:\/\/www.tvwabern.ch\/wp-content\/uploads\/2025\/01\/IMG_1508-225x300.jpg 225w, https:\/\/www.tvwabern.ch\/wp-content\/uploads\/2025\/01\/IMG_1508-300x400.jpg 300w, https:\/\/www.tvwabern.ch\/wp-content\/uploads\/2025\/01\/IMG_1508-1152x1536.jpg 1152w, https:\/\/www.tvwabern.ch\/wp-content\/uploads\/2025\/01\/IMG_1508-1536x2048.jpg 1536w, https:\/\/www.tvwabern.ch\/wp-content\/uploads\/2025\/01\/IMG_1508-scaled.jpg 1920w\" sizes=\"auto, (max-width: 768px) 100vw, 768px\" \/><\/figure>\n\n\n\n<figure class=\"wp-block-image size-large\"><img loading=\"lazy\" decoding=\"async\" width=\"768\" height=\"1024\" data-id=\"891\" src=\"https:\/\/www.tvwabern.ch\/wp-content\/uploads\/2025\/01\/IMG_1509-768x1024.jpg\" alt=\"\" class=\"wp-image-891\" srcset=\"https:\/\/www.tvwabern.ch\/wp-content\/uploads\/2025\/01\/IMG_1509-768x1024.jpg 768w, https:\/\/www.tvwabern.ch\/wp-content\/uploads\/2025\/01\/IMG_1509-225x300.jpg 225w, https:\/\/www.tvwabern.ch\/wp-content\/uploads\/2025\/01\/IMG_1509-300x400.jpg 300w, https:\/\/www.tvwabern.ch\/wp-content\/uploads\/2025\/01\/IMG_1509-1152x1536.jpg 1152w, https:\/\/www.tvwabern.ch\/wp-content\/uploads\/2025\/01\/IMG_1509-1536x2048.jpg 1536w, https:\/\/www.tvwabern.ch\/wp-content\/uploads\/2025\/01\/IMG_1509-scaled.jpg 1920w\" sizes=\"auto, (max-width: 768px) 100vw, 768px\" \/><\/figure>\n<\/figure>\n\n\n\n<div style=\"height:24px\" aria-hidden=\"true\" class=\"wp-block-spacer\"><\/div>\n\n\n\n<figure class=\"wp-block-gallery has-nested-images columns-2 is-cropped wp-block-gallery-5 is-layout-flex wp-block-gallery-is-layout-flex\">\n<figure class=\"wp-block-image size-large\"><img loading=\"lazy\" decoding=\"async\" width=\"1024\" height=\"768\" data-id=\"449\" src=\"https:\/\/www.tvwabern.ch\/wp-content\/uploads\/2020\/10\/IMG_0696-1024x768.jpeg\" alt=\"\" class=\"wp-image-449\" srcset=\"https:\/\/www.tvwabern.ch\/wp-content\/uploads\/2020\/10\/IMG_0696-1024x768.jpeg 1024w, https:\/\/www.tvwabern.ch\/wp-content\/uploads\/2020\/10\/IMG_0696-300x225.jpeg 300w, https:\/\/www.tvwabern.ch\/wp-content\/uploads\/2020\/10\/IMG_0696-768x576.jpeg 768w, https:\/\/www.tvwabern.ch\/wp-content\/uploads\/2020\/10\/IMG_0696-1536x1152.jpeg 1536w, https:\/\/www.tvwabern.ch\/wp-content\/uploads\/2020\/10\/IMG_0696-2048x1536.jpeg 2048w\" sizes=\"auto, (max-width: 1024px) 100vw, 1024px\" \/><\/figure>\n\n\n\n<figure class=\"wp-block-image size-large\"><img loading=\"lazy\" decoding=\"async\" width=\"1024\" height=\"768\" data-id=\"450\" src=\"https:\/\/www.tvwabern.ch\/wp-content\/uploads\/2020\/10\/IMG_0697-1024x768.jpeg\" alt=\"\" class=\"wp-image-450\" srcset=\"https:\/\/www.tvwabern.ch\/wp-content\/uploads\/2020\/10\/IMG_0697-1024x768.jpeg 1024w, https:\/\/www.tvwabern.ch\/wp-content\/uploads\/2020\/10\/IMG_0697-300x225.jpeg 300w, https:\/\/www.tvwabern.ch\/wp-content\/uploads\/2020\/10\/IMG_0697-768x576.jpeg 768w, https:\/\/www.tvwabern.ch\/wp-content\/uploads\/2020\/10\/IMG_0697-1536x1152.jpeg 1536w, https:\/\/www.tvwabern.ch\/wp-content\/uploads\/2020\/10\/IMG_0697-2048x1536.jpeg 2048w\" sizes=\"auto, (max-width: 1024px) 100vw, 1024px\" \/><\/figure>\n<\/figure>\n\n\n\n<div style=\"height:24px\" aria-hidden=\"true\" class=\"wp-block-spacer\"><\/div>\n\n\n\n<figure class=\"wp-block-gallery has-nested-images columns-2 is-cropped wp-block-gallery-6 is-layout-flex wp-block-gallery-is-layout-flex\">\n<figure class=\"wp-block-image size-large\"><img loading=\"lazy\" decoding=\"async\" width=\"768\" height=\"1024\" data-id=\"896\" src=\"https:\/\/www.tvwabern.ch\/wp-content\/uploads\/2025\/01\/IMG_3730-768x1024.jpg\" alt=\"\" class=\"wp-image-896\" srcset=\"https:\/\/www.tvwabern.ch\/wp-content\/uploads\/2025\/01\/IMG_3730-768x1024.jpg 768w, https:\/\/www.tvwabern.ch\/wp-content\/uploads\/2025\/01\/IMG_3730-225x300.jpg 225w, https:\/\/www.tvwabern.ch\/wp-content\/uploads\/2025\/01\/IMG_3730-300x400.jpg 300w, https:\/\/www.tvwabern.ch\/wp-content\/uploads\/2025\/01\/IMG_3730-1152x1536.jpg 1152w, https:\/\/www.tvwabern.ch\/wp-content\/uploads\/2025\/01\/IMG_3730-1536x2048.jpg 1536w, https:\/\/www.tvwabern.ch\/wp-content\/uploads\/2025\/01\/IMG_3730-scaled.jpg 1920w\" sizes=\"auto, (max-width: 768px) 100vw, 768px\" \/><\/figure>\n\n\n\n<figure class=\"wp-block-image size-large\"><img loading=\"lazy\" decoding=\"async\" width=\"768\" height=\"1024\" data-id=\"889\" src=\"https:\/\/www.tvwabern.ch\/wp-content\/uploads\/2025\/01\/IMG_1504-768x1024.jpg\" alt=\"\" class=\"wp-image-889\" srcset=\"https:\/\/www.tvwabern.ch\/wp-content\/uploads\/2025\/01\/IMG_1504-768x1024.jpg 768w, https:\/\/www.tvwabern.ch\/wp-content\/uploads\/2025\/01\/IMG_1504-225x300.jpg 225w, https:\/\/www.tvwabern.ch\/wp-content\/uploads\/2025\/01\/IMG_1504-300x400.jpg 300w, https:\/\/www.tvwabern.ch\/wp-content\/uploads\/2025\/01\/IMG_1504-1152x1536.jpg 1152w, https:\/\/www.tvwabern.ch\/wp-content\/uploads\/2025\/01\/IMG_1504-1536x2048.jpg 1536w, https:\/\/www.tvwabern.ch\/wp-content\/uploads\/2025\/01\/IMG_1504-scaled.jpg 1920w\" sizes=\"auto, (max-width: 768px) 100vw, 768px\" \/><\/figure>\n<\/figure>\n\n\n\n<div style=\"height:24px\" aria-hidden=\"true\" class=\"wp-block-spacer\"><\/div>\n\n\n\n<figure class=\"wp-block-gallery has-nested-images columns-2 is-cropped wp-block-gallery-7 is-layout-flex wp-block-gallery-is-layout-flex\">\n<figure class=\"wp-block-image size-large\"><img loading=\"lazy\" decoding=\"async\" width=\"1024\" height=\"768\" data-id=\"904\" src=\"https:\/\/www.tvwabern.ch\/wp-content\/uploads\/2025\/01\/IMAG0014-1024x768.jpg\" alt=\"\" class=\"wp-image-904\" srcset=\"https:\/\/www.tvwabern.ch\/wp-content\/uploads\/2025\/01\/IMAG0014-1024x768.jpg 1024w, https:\/\/www.tvwabern.ch\/wp-content\/uploads\/2025\/01\/IMAG0014-300x225.jpg 300w, https:\/\/www.tvwabern.ch\/wp-content\/uploads\/2025\/01\/IMAG0014-768x576.jpg 768w, https:\/\/www.tvwabern.ch\/wp-content\/uploads\/2025\/01\/IMAG0014-1536x1152.jpg 1536w, https:\/\/www.tvwabern.ch\/wp-content\/uploads\/2025\/01\/IMAG0014.jpg 2048w\" sizes=\"auto, (max-width: 1024px) 100vw, 1024px\" \/><\/figure>\n\n\n\n<figure class=\"wp-block-image size-large\"><img loading=\"lazy\" decoding=\"async\" width=\"1024\" height=\"768\" data-id=\"905\" src=\"http:\/\/www.tvwabern.ch\/wp-content\/uploads\/2025\/01\/IMAG0015-1024x768.jpg\" alt=\"\" class=\"wp-image-905\" srcset=\"https:\/\/www.tvwabern.ch\/wp-content\/uploads\/2025\/01\/IMAG0015-1024x768.jpg 1024w, https:\/\/www.tvwabern.ch\/wp-content\/uploads\/2025\/01\/IMAG0015-300x225.jpg 300w, https:\/\/www.tvwabern.ch\/wp-content\/uploads\/2025\/01\/IMAG0015-768x576.jpg 768w, https:\/\/www.tvwabern.ch\/wp-content\/uploads\/2025\/01\/IMAG0015-1536x1152.jpg 1536w, https:\/\/www.tvwabern.ch\/wp-content\/uploads\/2025\/01\/IMAG0015.jpg 2048w\" sizes=\"auto, (max-width: 1024px) 100vw, 1024px\" \/><\/figure>\n<\/figure>\n","protected":false},"excerpt":{"rendered":"<p>Viele heute selbstverst\u00e4ndliche T\u00e4tigkeiten m\u00fcssen, oder besser d\u00fcrfen, hier oben anders gehandhabt werden. Da kein [&hellip;]<\/p>\n","protected":false},"author":10,"featured_media":277,"parent":77,"menu_order":1,"comment_status":"closed","ping_status":"closed","template":"","meta":{"footnotes":""},"class_list":["post-108","page","type-page","status-publish","has-post-thumbnail","hentry"],"_links":{"self":[{"href":"https:\/\/www.tvwabern.ch\/index.php?rest_route=\/wp\/v2\/pages\/108","targetHints":{"allow":["GET"]}}],"collection":[{"href":"https:\/\/www.tvwabern.ch\/index.php?rest_route=\/wp\/v2\/pages"}],"about":[{"href":"https:\/\/www.tvwabern.ch\/index.php?rest_route=\/wp\/v2\/types\/page"}],"author":[{"embeddable":true,"href":"https:\/\/www.tvwabern.ch\/index.php?rest_route=\/wp\/v2\/users\/10"}],"replies":[{"embeddable":true,"href":"https:\/\/www.tvwabern.ch\/index.php?rest_route=%2Fwp%2Fv2%2Fcomments&post=108"}],"version-history":[{"count":14,"href":"https:\/\/www.tvwabern.ch\/index.php?rest_route=\/wp\/v2\/pages\/108\/revisions"}],"predecessor-version":[{"id":913,"href":"https:\/\/www.tvwabern.ch\/index.php?rest_route=\/wp\/v2\/pages\/108\/revisions\/913"}],"up":[{"embeddable":true,"href":"https:\/\/www.tvwabern.ch\/index.php?rest_route=\/wp\/v2\/pages\/77"}],"wp:featuredmedia":[{"embeddable":true,"href":"https:\/\/www.tvwabern.ch\/index.php?rest_route=\/wp\/v2\/media\/277"}],"wp:attachment":[{"href":"https:\/\/www.tvwabern.ch\/index.php?rest_route=%2Fwp%2Fv2%2Fmedia&parent=108"}],"curies":[{"name":"wp","href":"https:\/\/api.w.org\/{rel}","templated":true}]}}