{"id":105,"date":"2020-03-22T16:40:36","date_gmt":"2020-03-22T16:40:36","guid":{"rendered":"http:\/\/www.tvwabern.ch\/?page_id=105"},"modified":"2025-07-31T13:49:58","modified_gmt":"2025-07-31T11:49:58","slug":"vorstand","status":"publish","type":"page","link":"https:\/\/www.tvwabern.ch\/?page_id=105","title":{"rendered":"Vorstand"},"content":{"rendered":"\n<figure class=\"wp-block-table\"><table><thead><tr><th>Funktion<\/th><th>Name<\/th><th>Vorname<\/th><th>Email<\/th><\/tr><\/thead><tbody><tr><td>Pr\u00e4sident<\/td><td>Del Don<\/td><td>Julien<\/td><td><a href=\"mailto:praesident@tvwabern.ch\">praesident@tvwabern.ch<\/a><\/td><\/tr><tr><td>Vizepr\u00e4sident<\/td><td>Hug<\/td><td>Janik<\/td><td><a href=\"mailto:vizepraesident@tvwabern.ch\">vizepraesident@tvwabern.ch<\/a><\/td><\/tr><tr><td>Sekret\u00e4r<\/td><td>Lagger<\/td><td>Eric<\/td><td><a href=\"mailto:sekretaer@tvwabern.ch\">sekretaer@tvwabern.ch<\/a><\/td><\/tr><tr><td>Kassier<\/td><td>Angelini<\/td><td>Ralph<\/td><td><a href=\"mailto:kassier@tvwabern.ch\">kassier@tvwabern.ch<\/a><\/td><\/tr><tr><td>Webmaster<\/td><td>Sy<\/td><td>Christof<\/td><td><a href=\"mailto:webmaster@tvwabern.ch\">webmaster@tvwabern.ch<\/a><\/td><\/tr><\/tbody><\/table><\/figure>\n\n\n\n<h2 class=\"wp-block-heading\">Weitere Kontakte<\/h2>\n\n\n\n<figure class=\"wp-block-table\"><table><thead><tr><th>Was<\/th><th>Name<\/th><th>Vorname<\/th><th>Email<\/th><\/tr><\/thead><tbody><tr><td>Meitschiturne<\/td><td>Barbara<\/td><td>Beck<\/td><td><a href=\"mailto:girls@tvwabern.ch\">girls@tvwabern.ch<\/a><\/td><\/tr><tr><td>Gieleturne<\/td><td>Barbara<\/td><td>Beck<\/td><td><a href=\"mailto:jugi@tvwabern.ch\">jugi@tvwabern.ch<\/a><\/td><\/tr><tr><td>Handball<\/td><td>Schopfer<\/td><td>J\u00fcrg<\/td><td><a href=\"mailto:handball@tvwabern.ch\">handball@tvwabern.ch<\/a><\/td><\/tr><tr><td>Unihockey<\/td><td>Lagger<\/td><td>Eric<\/td><td><a href=\"mailto:unihockey@tvwabern.ch\">unihockey@tvwabern.ch<\/a><\/td><\/tr><tr><td>M\u00e4nnerriege<\/td><td>H\u00f6rler<\/td><td>Ernst<\/td><td><a href=\"mailto:maenner@tvwabern.ch\">maenner@tvwabern.ch<\/a><\/td><\/tr><tr><td>Skiriege<\/td><td>Meyer<\/td><td>Stephan<\/td><td><a href=\"mailto:skiriege@tvwabern.ch\">skiriege@tvwabern.ch<\/a><\/td><\/tr><tr><td>Wabere-Louf<\/td><td>Mich\u00e8le<\/td><td>Fahrni<\/td><td><a href=\"mailto:wabere-Louf@tvwabern.ch\">wabere-Louf@tvwabern.ch<\/a><\/td><\/tr><\/tbody><\/table><\/figure>\n","protected":false},"excerpt":{"rendered":"<p>Funktion Name Vorname Email Pr\u00e4sident Del Don Julien praesident@tvwabern.ch Vizepr\u00e4sident Hug Janik vizepraesident@tvwabern.ch Sekret\u00e4r Lagger [&hellip;]<\/p>\n","protected":false},"author":1,"featured_media":0,"parent":0,"menu_order":0,"comment_status":"closed","ping_status":"closed","template":"","meta":{"footnotes":""},"class_list":["post-105","page","type-page","status-publish","hentry"],"_links":{"self":[{"href":"https:\/\/www.tvwabern.ch\/index.php?rest_route=\/wp\/v2\/pages\/105","targetHints":{"allow":["GET"]}}],"collection":[{"href":"https:\/\/www.tvwabern.ch\/index.php?rest_route=\/wp\/v2\/pages"}],"about":[{"href":"https:\/\/www.tvwabern.ch\/index.php?rest_route=\/wp\/v2\/types\/page"}],"author":[{"embeddable":true,"href":"https:\/\/www.tvwabern.ch\/index.php?rest_route=\/wp\/v2\/users\/1"}],"replies":[{"embeddable":true,"href":"https:\/\/www.tvwabern.ch\/index.php?rest_route=%2Fwp%2Fv2%2Fcomments&post=105"}],"version-history":[{"count":13,"href":"https:\/\/www.tvwabern.ch\/index.php?rest_route=\/wp\/v2\/pages\/105\/revisions"}],"predecessor-version":[{"id":1364,"href":"https:\/\/www.tvwabern.ch\/index.php?rest_route=\/wp\/v2\/pages\/105\/revisions\/1364"}],"wp:attachment":[{"href":"https:\/\/www.tvwabern.ch\/index.php?rest_route=%2Fwp%2Fv2%2Fmedia&parent=105"}],"curies":[{"name":"wp","href":"https:\/\/api.w.org\/{rel}","templated":true}]}}